{"id":1250,"date":"2023-09-20T17:53:48","date_gmt":"2023-09-21T00:53:48","guid":{"rendered":"https:\/\/yourswing.golf\/protee-vx-launch-monitor\/"},"modified":"2025-10-10T11:50:56","modified_gmt":"2025-10-10T18:50:56","slug":"protee-vx-launch-monitor","status":"publish","type":"page","link":"https:\/\/yourswing.golf\/fr\/simulateurs-de-golf-personnels\/protee-vx-launch-monitor\/","title":{"rendered":"ProTee VX Launch Monitor"},"content":{"rendered":"\n<div class=\"wp-block-columns are-vertically-aligned-center is-layout-flex wp-container-core-columns-is-layout-9d6595d7 wp-block-columns-is-layout-flex\">\n<div class=\"wp-block-column is-vertically-aligned-center is-layout-flow wp-block-column-is-layout-flow\">\n<h3 class=\"uk-text-center\">PROTEE <img uk-img data-src=\"https:\/\/yourswing.golf\/wp-content\/themes\/2024your_swing_golf\/images\/protee-logo-graphic.png\" width=\"50px\" data-width data-height> VX<\/h3>\n\n\n\n<h2 class=\"wp-block-heading\">YourSwing.golf n\u2019offre plus le Protee VX pour plusieurs raisons:<\/h2>\n\n\n\n<ul class=\"wp-block-list\">\n<li>Le VTrack est dot\u00e9 d&rsquo;un meilleur mat\u00e9riel et de cam\u00e9ras plus rapides.<\/li>\n\n\n\n<li>Le VTrack, souvenez-vous du Protee RLX, devait \u00eatre positionn\u00e9 au-dessus du VX dans la gamme Protee avant d&rsquo;\u00eatre abandonn\u00e9.<\/li>\n\n\n\n<li>Le VTrack est offert \u00e0 un prix tr\u00e8s comp\u00e9titif, bien inf\u00e9rieur \u00e0 celui du VX.<\/li>\n<\/ul>\n\n\n\n<p>Quand ils ont appris que j&rsquo;avais \u00e9t\u00e9 nomm\u00e9 distributeur canadien du VTrack, Protee a d\u00e9cid\u00e9 de me retirer mon accr\u00e9ditation de revendeur du VX ! Bien que les autres moniteurs de frappes ne soient pas per\u00e7us comme une menace pour Protee, un VTrack \u00e0 un prix tr\u00e8s comp\u00e9titif semble l&rsquo;\u00eatre !<\/p>\n\n\n\n<h2 class=\"wp-block-heading red\">Pourquoi payer plus cher quand on peut avoir l&rsquo;excellent VTrack \u00e0 moindre co\u00fbt?<\/h2>\n\n\n\n<figure class=\"wp-block-image size-full bg-black\"><a href=\"https:\/\/yourswing.golf\/fr\/simulateurs-de-golf-personnels\/vtrack\/\"><img loading=\"lazy\" decoding=\"async\" width=\"568\" height=\"150\" src=\"https:\/\/yourswing.golf\/wp-content\/uploads\/2025\/05\/vtrack-launch-monitor-logo.avif\" alt=\"\" class=\"wp-image-2549\" srcset=\"https:\/\/yourswing.golf\/wp-content\/uploads\/2025\/05\/vtrack-launch-monitor-logo.avif 568w, https:\/\/yourswing.golf\/wp-content\/uploads\/2025\/05\/vtrack-launch-monitor-logo-250x66.avif 250w, https:\/\/yourswing.golf\/wp-content\/uploads\/2025\/05\/vtrack-launch-monitor-logo-120x32.avif 120w\" sizes=\"auto, (max-width: 568px) 100vw, 568px\" \/><\/a><\/figure>\n<\/div>\n\n\n\n<div class=\"wp-block-column is-vertically-aligned-center is-layout-flow wp-block-column-is-layout-flow\"><div class=\"wp-block-image bg-black\">\n<figure class=\"aligncenter size-full\"><a href=\"https:\/\/yourswing.golf\/fr\/simulateurs-de-golf-personnels\/vtrack\/\"><img loading=\"lazy\" decoding=\"async\" width=\"568\" height=\"150\" src=\"https:\/\/yourswing.golf\/wp-content\/uploads\/2025\/05\/vtrack-launch-monitor-logo.avif\" alt=\"\" class=\"wp-image-2549\" srcset=\"https:\/\/yourswing.golf\/wp-content\/uploads\/2025\/05\/vtrack-launch-monitor-logo.avif 568w, https:\/\/yourswing.golf\/wp-content\/uploads\/2025\/05\/vtrack-launch-monitor-logo-250x66.avif 250w, https:\/\/yourswing.golf\/wp-content\/uploads\/2025\/05\/vtrack-launch-monitor-logo-120x32.avif 120w\" sizes=\"auto, (max-width: 568px) 100vw, 568px\" \/><\/a><\/figure>\n<\/div>\n\n\n<h2 class=\"wp-block-heading\">L\u2019histoire derri\u00e8re VTrack<\/h2>\n\n\n\n<p>D\u00e9but 2023, lorsque Protee United a d\u00e9cid\u00e9 de lancer de nouveaux moniteurs de frappe, ils ont pr\u00e9sent\u00e9 trois mod\u00e8les au Orlando Golf Show&nbsp;: le RX, le VX et le RLX. Leur description \u00e9tait la suivante&nbsp;:<\/p>\n\n\n\n<ul class=\"wp-block-list\">\n<li><\/li>\n<\/ul>\n\n\n\n<ul class=\"wp-block-list\">\n<li>R\u00e9f\u00e9rence en mati\u00e8re de pr\u00e9cision golfique, le RX fournit des donn\u00e9es en temps r\u00e9el, permettant aux golfeurs de comprendre et d&rsquo;affiner leur \u00e9lan gr\u00e2ce \u00e0 des indicateurs cl\u00e9s.<\/li>\n\n\n\n<li>Faites un pas vers l&rsquo;avenir avec le VX. Ses analyses avanc\u00e9es, son exp\u00e9rience immersive et son design \u00e9l\u00e9gant en font un favori des golfeurs passionn\u00e9s qui cherchent \u00e0 am\u00e9liorer leur jeu.<\/li>\n\n\n\n<li class=\"has-text-color has-link-color wp-elements-52cc6cf9daa536065e3efb6353fd5766\" style=\"color:#ff2600\">Point culminant de notre collection, le RLX est destin\u00e9 \u00e0 ceux qui n&rsquo;acceptent que le meilleur. Ses fonctionnalit\u00e9s avanc\u00e9es, sa pr\u00e9cision in\u00e9gal\u00e9e et son int\u00e9gration transparente offrent une exp\u00e9rience golfique d&rsquo;\u00e9lite.<\/li>\n<\/ul>\n\n\n\n<p>Lors du lancement officiel en ao\u00fbt 2023, seul le VX a \u00e9t\u00e9 commercialis\u00e9, les RX et RLX ayant \u00e9t\u00e9 retir\u00e9s de la gamme. Il s&rsquo;agissait de produits de la compagnie cor\u00e9enne Laon People. Laon People est un sp\u00e9cialiste des cam\u00e9ras haut de gamme et de l&rsquo;intelligence artificielle. Ils ont d\u00e9cid\u00e9 de produire le RLX et de le commercialiser eux-m\u00eames via leur division golf, Laon Swingcraft, et de le rebaptiser VTrack&nbsp;! Ils ont pr\u00e9sent\u00e9 le VTrack au PGA Merchandising Show 2025 en janvier.<\/p>\n\n\n\n<p>J&rsquo;ai rapidement r\u00e9alis\u00e9 le formidable potentiel de ce produit de qualit\u00e9, combin\u00e9 \u00e0 l&rsquo;expertise de l&rsquo;entreprise en IA. Je suis devenu le premier revendeur du VTrack en Am\u00e9rique du Nord, puis leur premier distributeur exclusif, pour le Canada. Vous connaissez maintenant l&rsquo;histoire de l&rsquo;origine du VTrack\u2026<\/p>\n\n\n\n<p>Vous allez adorer la qualit\u00e9 et les performances exceptionnelles du VTrack!<\/p>\n\n\n\n<div class=\"wp-block-buttons is-layout-flex wp-block-buttons-is-layout-flex\">\n<div class=\"wp-block-button\"><a class=\"wp-block-button__link has-background wp-element-button\" href=\"https:\/\/yourswing.golf\/fr\/simulateurs-de-golf-personnels\/vtrack\/\" style=\"background-color:#ff2600\">En savoir plus sur VTrack<\/a><\/div>\n<\/div>\n<\/div>\n<\/div>\n\n\n\n<div class=\"wp-block-columns is-layout-flex wp-container-core-columns-is-layout-9d6595d7 wp-block-columns-is-layout-flex\">\n<div class=\"wp-block-column is-layout-flow wp-block-column-is-layout-flow\" style=\"flex-basis:25%\"><\/div>\n\n\n\n<div class=\"wp-block-column is-layout-flow wp-block-column-is-layout-flow\" style=\"flex-basis:50%\"><\/div>\n\n\n\n<div class=\"wp-block-column is-layout-flow wp-block-column-is-layout-flow\" style=\"flex-basis:25%\"><\/div>\n<\/div>\n\n\n\n<div class=\"wp-block-columns is-layout-flex wp-container-core-columns-is-layout-9d6595d7 wp-block-columns-is-layout-flex\">\n<div class=\"wp-block-column is-layout-flow wp-block-column-is-layout-flow\" style=\"flex-basis:25%\"><\/div>\n\n\n\n<div class=\"wp-block-column is-layout-flow wp-block-column-is-layout-flow\" style=\"flex-basis:50%\" id=\"story\"><\/div>\n\n\n\n<div class=\"wp-block-column is-layout-flow wp-block-column-is-layout-flow\" style=\"flex-basis:25%\"><\/div>\n<\/div>\n\n\n\n<p><\/p>\n","protected":false},"excerpt":{"rendered":"PROTEE VX YourSwing.golf n\u2019offre plus le Protee VX pour plusieurs raisons: Quand ils ont appris que j&rsquo;avais \u00e9t\u00e9 nomm\u00e9 distributeur canadien du VTrack, Protee a d\u00e9cid\u00e9 de me retirer mon accr\u00e9ditation de revendeur du VX ! Bien que les autres moniteurs de frappes ne soient pas per\u00e7us comme une menace pour Protee, un VTrack \u00e0&#8230; <a class=\"view-article\" href=\"https:\/\/yourswing.golf\/fr\/simulateurs-de-golf-personnels\/protee-vx-launch-monitor\/\">Voir l\u2019article<\/a>","protected":false},"author":1,"featured_media":0,"parent":297,"menu_order":0,"comment_status":"closed","ping_status":"closed","template":"nosidebar.php","meta":{"_acf_changed":false,"footnotes":""},"class_list":["post-1250","page","type-page","status-publish","hentry"],"acf":[],"yoast_head":"<!-- This site is optimized with the Yoast SEO plugin v27.4 - https:\/\/yoast.com\/product\/yoast-seo-wordpress\/ -->\n<title>ProTee VX Launch Monitor - Your Swing Golf<\/title>\n<meta name=\"robots\" content=\"index, follow, max-snippet:-1, max-image-preview:large, max-video-preview:-1\" \/>\n<link rel=\"canonical\" href=\"https:\/\/yourswing.golf\/fr\/simulateurs-de-golf-personnels\/protee-vx-launch-monitor\/\" \/>\n<meta property=\"og:locale\" content=\"fr_FR\" \/>\n<meta property=\"og:type\" content=\"article\" \/>\n<meta property=\"og:title\" content=\"ProTee VX Launch Monitor - Your Swing Golf\" \/>\n<meta property=\"og:description\" content=\"PROTEE VX YourSwing.golf n\u2019offre plus le Protee VX pour plusieurs raisons: Quand ils ont appris que j&rsquo;avais \u00e9t\u00e9 nomm\u00e9 distributeur canadien du VTrack, Protee a d\u00e9cid\u00e9 de me retirer mon accr\u00e9ditation de revendeur du VX ! Bien que les autres moniteurs de frappes ne soient pas per\u00e7us comme une menace pour Protee, un VTrack \u00e0... Voir l\u2019article\" \/>\n<meta property=\"og:url\" content=\"https:\/\/yourswing.golf\/fr\/simulateurs-de-golf-personnels\/protee-vx-launch-monitor\/\" \/>\n<meta property=\"og:site_name\" content=\"Your Swing Golf\" \/>\n<meta property=\"article:publisher\" content=\"https:\/\/www.facebook.com\/YourSwingGolf-101751728392224\" \/>\n<meta property=\"article:modified_time\" content=\"2025-10-10T18:50:56+00:00\" \/>\n<meta property=\"og:image\" content=\"https:\/\/yourswing.golf\/wp-content\/themes\/2024your_swing_golf\/images\/protee-logo-graphic.png\" \/>\n<meta name=\"twitter:card\" content=\"summary_large_image\" \/>\n<meta name=\"twitter:label1\" content=\"Dur\u00e9e de lecture estim\u00e9e\" \/>\n\t<meta name=\"twitter:data1\" content=\"3 minutes\" \/>\n<script type=\"application\/ld+json\" class=\"yoast-schema-graph\">{\"@context\":\"https:\\\/\\\/schema.org\",\"@graph\":[{\"@type\":\"WebPage\",\"@id\":\"https:\\\/\\\/yourswing.golf\\\/fr\\\/simulateurs-de-golf-personnels\\\/protee-vx-launch-monitor\\\/\",\"url\":\"https:\\\/\\\/yourswing.golf\\\/fr\\\/simulateurs-de-golf-personnels\\\/protee-vx-launch-monitor\\\/\",\"name\":\"ProTee VX Launch Monitor - Your Swing Golf\",\"isPartOf\":{\"@id\":\"https:\\\/\\\/yourswing.golf\\\/#website\"},\"primaryImageOfPage\":{\"@id\":\"https:\\\/\\\/yourswing.golf\\\/fr\\\/simulateurs-de-golf-personnels\\\/protee-vx-launch-monitor\\\/#primaryimage\"},\"image\":{\"@id\":\"https:\\\/\\\/yourswing.golf\\\/fr\\\/simulateurs-de-golf-personnels\\\/protee-vx-launch-monitor\\\/#primaryimage\"},\"thumbnailUrl\":\"https:\\\/\\\/yourswing.golf\\\/wp-content\\\/themes\\\/2024your_swing_golf\\\/images\\\/protee-logo-graphic.png\",\"datePublished\":\"2023-09-21T00:53:48+00:00\",\"dateModified\":\"2025-10-10T18:50:56+00:00\",\"breadcrumb\":{\"@id\":\"https:\\\/\\\/yourswing.golf\\\/fr\\\/simulateurs-de-golf-personnels\\\/protee-vx-launch-monitor\\\/#breadcrumb\"},\"inLanguage\":\"fr-FR\",\"potentialAction\":[{\"@type\":\"ReadAction\",\"target\":[\"https:\\\/\\\/yourswing.golf\\\/fr\\\/simulateurs-de-golf-personnels\\\/protee-vx-launch-monitor\\\/\"]}]},{\"@type\":\"ImageObject\",\"inLanguage\":\"fr-FR\",\"@id\":\"https:\\\/\\\/yourswing.golf\\\/fr\\\/simulateurs-de-golf-personnels\\\/protee-vx-launch-monitor\\\/#primaryimage\",\"url\":\"https:\\\/\\\/yourswing.golf\\\/wp-content\\\/themes\\\/2024your_swing_golf\\\/images\\\/protee-logo-graphic.png\",\"contentUrl\":\"https:\\\/\\\/yourswing.golf\\\/wp-content\\\/themes\\\/2024your_swing_golf\\\/images\\\/protee-logo-graphic.png\"},{\"@type\":\"BreadcrumbList\",\"@id\":\"https:\\\/\\\/yourswing.golf\\\/fr\\\/simulateurs-de-golf-personnels\\\/protee-vx-launch-monitor\\\/#breadcrumb\",\"itemListElement\":[{\"@type\":\"ListItem\",\"position\":1,\"name\":\"Home\",\"item\":\"https:\\\/\\\/yourswing.golf\\\/fr\\\/domicile\\\/\"},{\"@type\":\"ListItem\",\"position\":2,\"name\":\"Simulateurs de Golf\",\"item\":\"https:\\\/\\\/yourswing.golf\\\/fr\\\/simulateurs-de-golf-personnels\\\/\"},{\"@type\":\"ListItem\",\"position\":3,\"name\":\"ProTee VX Launch Monitor\"}]},{\"@type\":\"WebSite\",\"@id\":\"https:\\\/\\\/yourswing.golf\\\/#website\",\"url\":\"https:\\\/\\\/yourswing.golf\\\/\",\"name\":\"Your Swing Golf\",\"description\":\"Authorized dealer of launch monitors &amp; golf simulation equipment across Canada\",\"publisher\":{\"@id\":\"https:\\\/\\\/yourswing.golf\\\/#organization\"},\"potentialAction\":[{\"@type\":\"SearchAction\",\"target\":{\"@type\":\"EntryPoint\",\"urlTemplate\":\"https:\\\/\\\/yourswing.golf\\\/?s={search_term_string}\"},\"query-input\":{\"@type\":\"PropertyValueSpecification\",\"valueRequired\":true,\"valueName\":\"search_term_string\"}}],\"inLanguage\":\"fr-FR\"},{\"@type\":\"Organization\",\"@id\":\"https:\\\/\\\/yourswing.golf\\\/#organization\",\"name\":\"Your Swing Golf\",\"url\":\"https:\\\/\\\/yourswing.golf\\\/\",\"logo\":{\"@type\":\"ImageObject\",\"inLanguage\":\"fr-FR\",\"@id\":\"https:\\\/\\\/yourswing.golf\\\/#\\\/schema\\\/logo\\\/image\\\/\",\"url\":\"https:\\\/\\\/yourswing.golf\\\/wp-content\\\/uploads\\\/2022\\\/03\\\/your-swing-logo.png\",\"contentUrl\":\"https:\\\/\\\/yourswing.golf\\\/wp-content\\\/uploads\\\/2022\\\/03\\\/your-swing-logo.png\",\"width\":201,\"height\":63,\"caption\":\"Your Swing Golf\"},\"image\":{\"@id\":\"https:\\\/\\\/yourswing.golf\\\/#\\\/schema\\\/logo\\\/image\\\/\"},\"sameAs\":[\"https:\\\/\\\/www.facebook.com\\\/YourSwingGolf-101751728392224\"]}]}<\/script>\n<!-- \/ Yoast SEO plugin. -->","yoast_head_json":{"title":"ProTee VX Launch Monitor - Your Swing Golf","robots":{"index":"index","follow":"follow","max-snippet":"max-snippet:-1","max-image-preview":"max-image-preview:large","max-video-preview":"max-video-preview:-1"},"canonical":"https:\/\/yourswing.golf\/fr\/simulateurs-de-golf-personnels\/protee-vx-launch-monitor\/","og_locale":"fr_FR","og_type":"article","og_title":"ProTee VX Launch Monitor - Your Swing Golf","og_description":"PROTEE VX YourSwing.golf n\u2019offre plus le Protee VX pour plusieurs raisons: Quand ils ont appris que j&rsquo;avais \u00e9t\u00e9 nomm\u00e9 distributeur canadien du VTrack, Protee a d\u00e9cid\u00e9 de me retirer mon accr\u00e9ditation de revendeur du VX ! Bien que les autres moniteurs de frappes ne soient pas per\u00e7us comme une menace pour Protee, un VTrack \u00e0... Voir l\u2019article","og_url":"https:\/\/yourswing.golf\/fr\/simulateurs-de-golf-personnels\/protee-vx-launch-monitor\/","og_site_name":"Your Swing Golf","article_publisher":"https:\/\/www.facebook.com\/YourSwingGolf-101751728392224","article_modified_time":"2025-10-10T18:50:56+00:00","og_image":[{"url":"https:\/\/yourswing.golf\/wp-content\/themes\/2024your_swing_golf\/images\/protee-logo-graphic.png","type":"","width":"","height":""}],"twitter_card":"summary_large_image","twitter_misc":{"Dur\u00e9e de lecture estim\u00e9e":"3 minutes"},"schema":{"@context":"https:\/\/schema.org","@graph":[{"@type":"WebPage","@id":"https:\/\/yourswing.golf\/fr\/simulateurs-de-golf-personnels\/protee-vx-launch-monitor\/","url":"https:\/\/yourswing.golf\/fr\/simulateurs-de-golf-personnels\/protee-vx-launch-monitor\/","name":"ProTee VX Launch Monitor - Your Swing Golf","isPartOf":{"@id":"https:\/\/yourswing.golf\/#website"},"primaryImageOfPage":{"@id":"https:\/\/yourswing.golf\/fr\/simulateurs-de-golf-personnels\/protee-vx-launch-monitor\/#primaryimage"},"image":{"@id":"https:\/\/yourswing.golf\/fr\/simulateurs-de-golf-personnels\/protee-vx-launch-monitor\/#primaryimage"},"thumbnailUrl":"https:\/\/yourswing.golf\/wp-content\/themes\/2024your_swing_golf\/images\/protee-logo-graphic.png","datePublished":"2023-09-21T00:53:48+00:00","dateModified":"2025-10-10T18:50:56+00:00","breadcrumb":{"@id":"https:\/\/yourswing.golf\/fr\/simulateurs-de-golf-personnels\/protee-vx-launch-monitor\/#breadcrumb"},"inLanguage":"fr-FR","potentialAction":[{"@type":"ReadAction","target":["https:\/\/yourswing.golf\/fr\/simulateurs-de-golf-personnels\/protee-vx-launch-monitor\/"]}]},{"@type":"ImageObject","inLanguage":"fr-FR","@id":"https:\/\/yourswing.golf\/fr\/simulateurs-de-golf-personnels\/protee-vx-launch-monitor\/#primaryimage","url":"https:\/\/yourswing.golf\/wp-content\/themes\/2024your_swing_golf\/images\/protee-logo-graphic.png","contentUrl":"https:\/\/yourswing.golf\/wp-content\/themes\/2024your_swing_golf\/images\/protee-logo-graphic.png"},{"@type":"BreadcrumbList","@id":"https:\/\/yourswing.golf\/fr\/simulateurs-de-golf-personnels\/protee-vx-launch-monitor\/#breadcrumb","itemListElement":[{"@type":"ListItem","position":1,"name":"Home","item":"https:\/\/yourswing.golf\/fr\/domicile\/"},{"@type":"ListItem","position":2,"name":"Simulateurs de Golf","item":"https:\/\/yourswing.golf\/fr\/simulateurs-de-golf-personnels\/"},{"@type":"ListItem","position":3,"name":"ProTee VX Launch Monitor"}]},{"@type":"WebSite","@id":"https:\/\/yourswing.golf\/#website","url":"https:\/\/yourswing.golf\/","name":"Your Swing Golf","description":"Authorized dealer of launch monitors &amp; golf simulation equipment across Canada","publisher":{"@id":"https:\/\/yourswing.golf\/#organization"},"potentialAction":[{"@type":"SearchAction","target":{"@type":"EntryPoint","urlTemplate":"https:\/\/yourswing.golf\/?s={search_term_string}"},"query-input":{"@type":"PropertyValueSpecification","valueRequired":true,"valueName":"search_term_string"}}],"inLanguage":"fr-FR"},{"@type":"Organization","@id":"https:\/\/yourswing.golf\/#organization","name":"Your Swing Golf","url":"https:\/\/yourswing.golf\/","logo":{"@type":"ImageObject","inLanguage":"fr-FR","@id":"https:\/\/yourswing.golf\/#\/schema\/logo\/image\/","url":"https:\/\/yourswing.golf\/wp-content\/uploads\/2022\/03\/your-swing-logo.png","contentUrl":"https:\/\/yourswing.golf\/wp-content\/uploads\/2022\/03\/your-swing-logo.png","width":201,"height":63,"caption":"Your Swing Golf"},"image":{"@id":"https:\/\/yourswing.golf\/#\/schema\/logo\/image\/"},"sameAs":["https:\/\/www.facebook.com\/YourSwingGolf-101751728392224"]}]}},"_links":{"self":[{"href":"https:\/\/yourswing.golf\/fr\/wp-json\/wp\/v2\/pages\/1250","targetHints":{"allow":["GET"]}}],"collection":[{"href":"https:\/\/yourswing.golf\/fr\/wp-json\/wp\/v2\/pages"}],"about":[{"href":"https:\/\/yourswing.golf\/fr\/wp-json\/wp\/v2\/types\/page"}],"author":[{"embeddable":true,"href":"https:\/\/yourswing.golf\/fr\/wp-json\/wp\/v2\/users\/1"}],"replies":[{"embeddable":true,"href":"https:\/\/yourswing.golf\/fr\/wp-json\/wp\/v2\/comments?post=1250"}],"version-history":[{"count":17,"href":"https:\/\/yourswing.golf\/fr\/wp-json\/wp\/v2\/pages\/1250\/revisions"}],"predecessor-version":[{"id":2774,"href":"https:\/\/yourswing.golf\/fr\/wp-json\/wp\/v2\/pages\/1250\/revisions\/2774"}],"up":[{"embeddable":true,"href":"https:\/\/yourswing.golf\/fr\/wp-json\/wp\/v2\/pages\/297"}],"wp:attachment":[{"href":"https:\/\/yourswing.golf\/fr\/wp-json\/wp\/v2\/media?parent=1250"}],"curies":[{"name":"wp","href":"https:\/\/api.w.org\/{rel}","templated":true}]}}