{"id":269,"date":"2022-03-14T20:53:39","date_gmt":"2022-03-15T03:53:39","guid":{"rendered":"https:\/\/yourswing.golf\/a-propos-de-nous\/"},"modified":"2025-02-10T22:38:55","modified_gmt":"2025-02-11T06:38:55","slug":"a-propos-de-nous","status":"publish","type":"page","link":"https:\/\/yourswing.golf\/fr\/a-propos-de-nous\/","title":{"rendered":"\u00c0 propos de nous"},"content":{"rendered":"\n<p>En 2020, j&rsquo;ai d\u00e9cid\u00e9 d&rsquo;installer un simulateur de golf dans ma maison et j&rsquo;ai s\u00e9lectionn\u00e9 un moniteur de lancement qui n&rsquo;\u00e9tait pas distribu\u00e9 au Canada. Comme j&rsquo;avais de l&rsquo;exp\u00e9rience dans le domaine de la vente au d\u00e9tail et de la distribution, je les ai approch\u00e9s et j&rsquo;ai pris en charge la distribution de leurs produits. C&rsquo;est ainsi que YourSwing.Golf a vu le jour.<\/p>\n\n\n\n<p><br>Bien s\u00fbr, l&rsquo;exp\u00e9rience est venue avec de nombreux essais de diff\u00e9rents \u00e9crans de frappe, tapis, projecteurs, logiciels et installations de simulateurs en g\u00e9n\u00e9ral. J&rsquo;ai d\u00e9cid\u00e9 d&rsquo;offrir une gamme r\u00e9duite de simulateurs et d&rsquo;accessoires, mais en ne conservant que les articles de chaque cat\u00e9gorie que mes clients appr\u00e9cieraient. J&rsquo;offre des articles qui donneront \u00e0 chacun la meilleure exp\u00e9rience de golf en salle qu&rsquo;ils esp\u00e8rent obtenir \u00e0 des co\u00fbts abordables.<\/p>\n\n\n\n<p><br>Comme tous mes clients pourront le dire, je me surpasse pour m&rsquo;assurer que vous obtenez une installation dont vous serez fier et un niveau de service que vous ne trouverez nulle part ailleurs !<\/p>\n\n\n\n<p>Lisez quelques-uns de nos <a href=\"https:\/\/yourswing.golf\/testimonials\/\">t\u00e9moignages ici.<\/a><\/p>\n\n\n\n<p><\/p>\n","protected":false},"excerpt":{"rendered":"En 2020, j&rsquo;ai d\u00e9cid\u00e9 d&rsquo;installer un simulateur de golf dans ma maison et j&rsquo;ai s\u00e9lectionn\u00e9 un moniteur de lancement qui n&rsquo;\u00e9tait pas distribu\u00e9 au Canada. Comme j&rsquo;avais de l&rsquo;exp\u00e9rience dans le domaine de la vente au d\u00e9tail et de la distribution, je les ai approch\u00e9s et j&rsquo;ai pris en charge la distribution de leurs produits&#8230;. <a class=\"view-article\" href=\"https:\/\/yourswing.golf\/fr\/a-propos-de-nous\/\">Voir l\u2019article<\/a>","protected":false},"author":1,"featured_media":0,"parent":0,"menu_order":0,"comment_status":"closed","ping_status":"closed","template":"centered_content.php","meta":{"_acf_changed":false,"footnotes":""},"class_list":["post-269","page","type-page","status-publish","hentry"],"acf":[],"yoast_head":"<!-- This site is optimized with the Yoast SEO plugin v27.4 - https:\/\/yoast.com\/product\/yoast-seo-wordpress\/ -->\n<title>\u00c0 propos de nous - Your Swing Golf<\/title>\n<meta name=\"robots\" content=\"index, follow, max-snippet:-1, max-image-preview:large, max-video-preview:-1\" \/>\n<link rel=\"canonical\" href=\"https:\/\/yourswing.golf\/fr\/a-propos-de-nous\/\" \/>\n<meta property=\"og:locale\" content=\"fr_FR\" \/>\n<meta property=\"og:type\" content=\"article\" \/>\n<meta property=\"og:title\" content=\"\u00c0 propos de nous - Your Swing Golf\" \/>\n<meta property=\"og:description\" content=\"En 2020, j&rsquo;ai d\u00e9cid\u00e9 d&rsquo;installer un simulateur de golf dans ma maison et j&rsquo;ai s\u00e9lectionn\u00e9 un moniteur de lancement qui n&rsquo;\u00e9tait pas distribu\u00e9 au Canada. Comme j&rsquo;avais de l&rsquo;exp\u00e9rience dans le domaine de la vente au d\u00e9tail et de la distribution, je les ai approch\u00e9s et j&rsquo;ai pris en charge la distribution de leurs produits.... Voir l\u2019article\" \/>\n<meta property=\"og:url\" content=\"https:\/\/yourswing.golf\/fr\/a-propos-de-nous\/\" \/>\n<meta property=\"og:site_name\" content=\"Your Swing Golf\" \/>\n<meta property=\"article:publisher\" content=\"https:\/\/www.facebook.com\/YourSwingGolf-101751728392224\" \/>\n<meta property=\"article:modified_time\" content=\"2025-02-11T06:38:55+00:00\" \/>\n<meta name=\"twitter:card\" content=\"summary_large_image\" \/>\n<meta name=\"twitter:label1\" content=\"Dur\u00e9e de lecture estim\u00e9e\" \/>\n\t<meta name=\"twitter:data1\" content=\"1 minute\" \/>\n<script type=\"application\/ld+json\" class=\"yoast-schema-graph\">{\"@context\":\"https:\\\/\\\/schema.org\",\"@graph\":[{\"@type\":\"WebPage\",\"@id\":\"https:\\\/\\\/yourswing.golf\\\/fr\\\/a-propos-de-nous\\\/\",\"url\":\"https:\\\/\\\/yourswing.golf\\\/fr\\\/a-propos-de-nous\\\/\",\"name\":\"\u00c0 propos de nous - Your Swing Golf\",\"isPartOf\":{\"@id\":\"https:\\\/\\\/yourswing.golf\\\/#website\"},\"datePublished\":\"2022-03-15T03:53:39+00:00\",\"dateModified\":\"2025-02-11T06:38:55+00:00\",\"breadcrumb\":{\"@id\":\"https:\\\/\\\/yourswing.golf\\\/fr\\\/a-propos-de-nous\\\/#breadcrumb\"},\"inLanguage\":\"fr-FR\",\"potentialAction\":[{\"@type\":\"ReadAction\",\"target\":[\"https:\\\/\\\/yourswing.golf\\\/fr\\\/a-propos-de-nous\\\/\"]}]},{\"@type\":\"BreadcrumbList\",\"@id\":\"https:\\\/\\\/yourswing.golf\\\/fr\\\/a-propos-de-nous\\\/#breadcrumb\",\"itemListElement\":[{\"@type\":\"ListItem\",\"position\":1,\"name\":\"Home\",\"item\":\"https:\\\/\\\/yourswing.golf\\\/fr\\\/domicile\\\/\"},{\"@type\":\"ListItem\",\"position\":2,\"name\":\"\u00c0 propos de nous\"}]},{\"@type\":\"WebSite\",\"@id\":\"https:\\\/\\\/yourswing.golf\\\/#website\",\"url\":\"https:\\\/\\\/yourswing.golf\\\/\",\"name\":\"Your Swing Golf\",\"description\":\"Authorized dealer of launch monitors &amp; golf simulation equipment across Canada\",\"publisher\":{\"@id\":\"https:\\\/\\\/yourswing.golf\\\/#organization\"},\"potentialAction\":[{\"@type\":\"SearchAction\",\"target\":{\"@type\":\"EntryPoint\",\"urlTemplate\":\"https:\\\/\\\/yourswing.golf\\\/?s={search_term_string}\"},\"query-input\":{\"@type\":\"PropertyValueSpecification\",\"valueRequired\":true,\"valueName\":\"search_term_string\"}}],\"inLanguage\":\"fr-FR\"},{\"@type\":\"Organization\",\"@id\":\"https:\\\/\\\/yourswing.golf\\\/#organization\",\"name\":\"Your Swing Golf\",\"url\":\"https:\\\/\\\/yourswing.golf\\\/\",\"logo\":{\"@type\":\"ImageObject\",\"inLanguage\":\"fr-FR\",\"@id\":\"https:\\\/\\\/yourswing.golf\\\/#\\\/schema\\\/logo\\\/image\\\/\",\"url\":\"https:\\\/\\\/yourswing.golf\\\/wp-content\\\/uploads\\\/2022\\\/03\\\/your-swing-logo.png\",\"contentUrl\":\"https:\\\/\\\/yourswing.golf\\\/wp-content\\\/uploads\\\/2022\\\/03\\\/your-swing-logo.png\",\"width\":201,\"height\":63,\"caption\":\"Your Swing Golf\"},\"image\":{\"@id\":\"https:\\\/\\\/yourswing.golf\\\/#\\\/schema\\\/logo\\\/image\\\/\"},\"sameAs\":[\"https:\\\/\\\/www.facebook.com\\\/YourSwingGolf-101751728392224\"]}]}<\/script>\n<!-- \/ Yoast SEO plugin. -->","yoast_head_json":{"title":"\u00c0 propos de nous - Your Swing Golf","robots":{"index":"index","follow":"follow","max-snippet":"max-snippet:-1","max-image-preview":"max-image-preview:large","max-video-preview":"max-video-preview:-1"},"canonical":"https:\/\/yourswing.golf\/fr\/a-propos-de-nous\/","og_locale":"fr_FR","og_type":"article","og_title":"\u00c0 propos de nous - Your Swing Golf","og_description":"En 2020, j&rsquo;ai d\u00e9cid\u00e9 d&rsquo;installer un simulateur de golf dans ma maison et j&rsquo;ai s\u00e9lectionn\u00e9 un moniteur de lancement qui n&rsquo;\u00e9tait pas distribu\u00e9 au Canada. Comme j&rsquo;avais de l&rsquo;exp\u00e9rience dans le domaine de la vente au d\u00e9tail et de la distribution, je les ai approch\u00e9s et j&rsquo;ai pris en charge la distribution de leurs produits.... Voir l\u2019article","og_url":"https:\/\/yourswing.golf\/fr\/a-propos-de-nous\/","og_site_name":"Your Swing Golf","article_publisher":"https:\/\/www.facebook.com\/YourSwingGolf-101751728392224","article_modified_time":"2025-02-11T06:38:55+00:00","twitter_card":"summary_large_image","twitter_misc":{"Dur\u00e9e de lecture estim\u00e9e":"1 minute"},"schema":{"@context":"https:\/\/schema.org","@graph":[{"@type":"WebPage","@id":"https:\/\/yourswing.golf\/fr\/a-propos-de-nous\/","url":"https:\/\/yourswing.golf\/fr\/a-propos-de-nous\/","name":"\u00c0 propos de nous - Your Swing Golf","isPartOf":{"@id":"https:\/\/yourswing.golf\/#website"},"datePublished":"2022-03-15T03:53:39+00:00","dateModified":"2025-02-11T06:38:55+00:00","breadcrumb":{"@id":"https:\/\/yourswing.golf\/fr\/a-propos-de-nous\/#breadcrumb"},"inLanguage":"fr-FR","potentialAction":[{"@type":"ReadAction","target":["https:\/\/yourswing.golf\/fr\/a-propos-de-nous\/"]}]},{"@type":"BreadcrumbList","@id":"https:\/\/yourswing.golf\/fr\/a-propos-de-nous\/#breadcrumb","itemListElement":[{"@type":"ListItem","position":1,"name":"Home","item":"https:\/\/yourswing.golf\/fr\/domicile\/"},{"@type":"ListItem","position":2,"name":"\u00c0 propos de nous"}]},{"@type":"WebSite","@id":"https:\/\/yourswing.golf\/#website","url":"https:\/\/yourswing.golf\/","name":"Your Swing Golf","description":"Authorized dealer of launch monitors &amp; golf simulation equipment across Canada","publisher":{"@id":"https:\/\/yourswing.golf\/#organization"},"potentialAction":[{"@type":"SearchAction","target":{"@type":"EntryPoint","urlTemplate":"https:\/\/yourswing.golf\/?s={search_term_string}"},"query-input":{"@type":"PropertyValueSpecification","valueRequired":true,"valueName":"search_term_string"}}],"inLanguage":"fr-FR"},{"@type":"Organization","@id":"https:\/\/yourswing.golf\/#organization","name":"Your Swing Golf","url":"https:\/\/yourswing.golf\/","logo":{"@type":"ImageObject","inLanguage":"fr-FR","@id":"https:\/\/yourswing.golf\/#\/schema\/logo\/image\/","url":"https:\/\/yourswing.golf\/wp-content\/uploads\/2022\/03\/your-swing-logo.png","contentUrl":"https:\/\/yourswing.golf\/wp-content\/uploads\/2022\/03\/your-swing-logo.png","width":201,"height":63,"caption":"Your Swing Golf"},"image":{"@id":"https:\/\/yourswing.golf\/#\/schema\/logo\/image\/"},"sameAs":["https:\/\/www.facebook.com\/YourSwingGolf-101751728392224"]}]}},"_links":{"self":[{"href":"https:\/\/yourswing.golf\/fr\/wp-json\/wp\/v2\/pages\/269","targetHints":{"allow":["GET"]}}],"collection":[{"href":"https:\/\/yourswing.golf\/fr\/wp-json\/wp\/v2\/pages"}],"about":[{"href":"https:\/\/yourswing.golf\/fr\/wp-json\/wp\/v2\/types\/page"}],"author":[{"embeddable":true,"href":"https:\/\/yourswing.golf\/fr\/wp-json\/wp\/v2\/users\/1"}],"replies":[{"embeddable":true,"href":"https:\/\/yourswing.golf\/fr\/wp-json\/wp\/v2\/comments?post=269"}],"version-history":[{"count":10,"href":"https:\/\/yourswing.golf\/fr\/wp-json\/wp\/v2\/pages\/269\/revisions"}],"predecessor-version":[{"id":2235,"href":"https:\/\/yourswing.golf\/fr\/wp-json\/wp\/v2\/pages\/269\/revisions\/2235"}],"wp:attachment":[{"href":"https:\/\/yourswing.golf\/fr\/wp-json\/wp\/v2\/media?parent=269"}],"curies":[{"name":"wp","href":"https:\/\/api.w.org\/{rel}","templated":true}]}}