{"id":313,"date":"2022-03-16T23:25:28","date_gmt":"2022-03-16T23:25:28","guid":{"rendered":"https:\/\/yourswing.golf\/logiciels-de-simulation\/e6-connect\/"},"modified":"2022-04-15T18:35:47","modified_gmt":"2022-04-15T18:35:47","slug":"e6-connect","status":"publish","type":"page","link":"https:\/\/yourswing.golf\/fr\/logiciels-de-simulation\/e6-connect\/","title":{"rendered":"E6 Connect"},"content":{"rendered":"\n<h4 class=\"wp-block-heading\">STANDARD DE L&rsquo;INDUSTRIE DU GOLF VIRTUEL<\/h4>\n\n<p>E6 CONNECT est le logiciel de simulation de golf de la plus haute qualit\u00e9, le plus r\u00e9aliste et le plus personnalisable jamais cr\u00e9\u00e9. Utilisez-le avec des moniteurs de frappe pour enseigner ou vous entra\u00eener sur le champ de pratique, pour participer \u00e0 des ligues et \u00e0 des \u00e9v\u00e9nements en ligne dans une installation commerciale, ou tout simplement pour jouer \u00e0 des jeux de golf int\u00e9rieurs amusants \u00e0 la maison avec vos amis et votre famille. <\/p>\n\n<div style=\"height:100px\" aria-hidden=\"true\" class=\"wp-block-spacer\"><\/div>\n\n<figure class=\"wp-block-embed aligncenter is-type-video is-provider-vimeo wp-block-embed-vimeo wp-embed-aspect-16-9 wp-has-aspect-ratio\"><div class=\"wp-block-embed__wrapper\">\n<iframe loading=\"lazy\" title=\"E6 CONNECT Overview.mp4\" src=\"https:\/\/player.vimeo.com\/video\/686114317?h=4a9fa2b0f4&amp;dnt=1&amp;app_id=122963\" width=\"1400\" height=\"788\" frameborder=\"0\" allow=\"autoplay; fullscreen; picture-in-picture; clipboard-write; encrypted-media; web-share\" referrerpolicy=\"strict-origin-when-cross-origin\"><\/iframe>\n<\/div><\/figure>\n\n<div style=\"height:100px\" aria-hidden=\"true\" class=\"wp-block-spacer\"><\/div>\n\n<p>Avec E6 CONNECT, les utilisateurs peuvent s&rsquo;abonner pour acc\u00e9der \u00e0 l&rsquo;int\u00e9gralit\u00e9 de la biblioth\u00e8que de contenu E6. Les utilisateurs peuvent souscrire \u00e0 un abonnement de base qui fournit du nouveau contenu chaque mois ou \u00e0 l&rsquo;abonnement \u00e9tendu qui donnera acc\u00e8s \u00e0 l&rsquo;int\u00e9gralit\u00e9 de la biblioth\u00e8que de contenu de la biblioth\u00e8que E6 CONNECT.<\/p>\n\n<div style=\"height:100px\" aria-hidden=\"true\" class=\"wp-block-spacer\"><\/div>\n\n<h2 class=\"wp-block-heading\">Terrains E6 CONNECT<\/h2>\n\n\n\n<p class=\"has-text-align-center gutenslider-content-initial has-white-color has-text-color has-larger-font-size\"><strong>Asiana Country Club<\/strong><\/p>\n\n\n\n\n\n<p class=\"has-text-align-center gutenslider-content-initial has-white-color has-text-color has-larger-font-size\"><strong>Aviara Golf Club &amp; Resort<\/strong><\/p>\n\n\n\n\n\n<p class=\"has-text-align-center gutenslider-content-initial has-white-color has-text-color has-larger-font-size\"><strong>Banff Springs Golf Course<\/strong><\/p>\n\n\n\n\n\n<p class=\"has-text-align-center gutenslider-content-initial has-white-color has-text-color has-larger-font-size\"><strong>Auburn Grand National Links<\/strong><\/p>\n\n\n\n\n\n<p class=\"has-text-align-center gutenslider-content-initial has-white-color has-text-color has-larger-font-size\"><strong>The Belfry Golf Course<\/strong><\/p>\n\n\n\n\n\n<p class=\"has-text-align-center gutenslider-content-initial has-white-color has-text-color has-larger-font-size\"><strong>Troon North \u2013 Monument Course<\/strong><\/p>\n\n\n\n\n\n<p class=\"has-text-align-center gutenslider-content-initial has-white-color has-text-color has-larger-font-size\"><strong>Chateau Whistler Golf Club<\/strong><\/p>\n\n\n\n<div style=\"height:100px\" aria-hidden=\"true\" class=\"wp-block-spacer\"><\/div>\n\n<div class=\"wp-block-columns is-layout-flex wp-container-core-columns-is-layout-9d6595d7 wp-block-columns-is-layout-flex\">\n<div class=\"wp-block-column is-layout-flow wp-block-column-is-layout-flow\">\n<h2 class=\"wp-block-heading\">Analyses avanc\u00e9es<\/h2>\n\n\n\n<figure class=\"wp-block-embed is-type-video is-provider-vimeo wp-block-embed-vimeo wp-embed-aspect-16-9 wp-has-aspect-ratio\"><div class=\"wp-block-embed__wrapper\">\n<iframe loading=\"lazy\" title=\"ADVANCED ANALYTICS from E6 Connect.mp4\" src=\"https:\/\/player.vimeo.com\/video\/686114544?h=91a284390c&amp;dnt=1&amp;app_id=122963\" width=\"1400\" height=\"788\" frameborder=\"0\" allow=\"autoplay; fullscreen; picture-in-picture; clipboard-write; encrypted-media; web-share\" referrerpolicy=\"strict-origin-when-cross-origin\"><\/iframe>\n<\/div><\/figure>\n<\/div>\n\n\n\n<div class=\"wp-block-column is-layout-flow wp-block-column-is-layout-flow\">\n<h2 class=\"wp-block-heading\">Mini Jeux<\/h2>\n\n\n\n<figure class=\"wp-block-embed is-type-video is-provider-vimeo wp-block-embed-vimeo wp-embed-aspect-16-9 wp-has-aspect-ratio\"><div class=\"wp-block-embed__wrapper\">\n<iframe loading=\"lazy\" title=\"Untitled design (3).mp4\" src=\"https:\/\/player.vimeo.com\/video\/686423536?h=bf44e6693c&amp;dnt=1&amp;app_id=122963\" width=\"1400\" height=\"788\" frameborder=\"0\" allow=\"autoplay; fullscreen; picture-in-picture; clipboard-write; encrypted-media; web-share\" referrerpolicy=\"strict-origin-when-cross-origin\"><\/iframe>\n<\/div><\/figure>\n<\/div>\n<\/div>\n","protected":false},"excerpt":{"rendered":"STANDARD DE L&rsquo;INDUSTRIE DU GOLF VIRTUEL E6 CONNECT est le logiciel de simulation de golf de la plus haute qualit\u00e9, le plus r\u00e9aliste et le plus personnalisable jamais cr\u00e9\u00e9. Utilisez-le avec des moniteurs de frappe pour enseigner ou vous entra\u00eener sur le champ de pratique, pour participer \u00e0 des ligues et \u00e0 des \u00e9v\u00e9nements en&#8230; <a class=\"view-article\" href=\"https:\/\/yourswing.golf\/fr\/logiciels-de-simulation\/e6-connect\/\">Voir l\u2019article<\/a>","protected":false},"author":1,"featured_media":0,"parent":312,"menu_order":0,"comment_status":"closed","ping_status":"closed","template":"nosidebar.php","meta":{"_acf_changed":false,"footnotes":""},"class_list":["post-313","page","type-page","status-publish","hentry"],"acf":[],"yoast_head":"<!-- This site is optimized with the Yoast SEO plugin v27.5 - https:\/\/yoast.com\/product\/yoast-seo-wordpress\/ -->\n<title>E6 Connect - Your Swing Golf<\/title>\n<meta name=\"robots\" content=\"index, follow, max-snippet:-1, max-image-preview:large, max-video-preview:-1\" \/>\n<link rel=\"canonical\" href=\"https:\/\/yourswing.golf\/fr\/logiciels-de-simulation\/e6-connect\/\" \/>\n<meta property=\"og:locale\" content=\"fr_FR\" \/>\n<meta property=\"og:type\" content=\"article\" \/>\n<meta property=\"og:title\" content=\"E6 Connect - Your Swing Golf\" \/>\n<meta property=\"og:description\" content=\"STANDARD DE L&rsquo;INDUSTRIE DU GOLF VIRTUEL E6 CONNECT est le logiciel de simulation de golf de la plus haute qualit\u00e9, le plus r\u00e9aliste et le plus personnalisable jamais cr\u00e9\u00e9. Utilisez-le avec des moniteurs de frappe pour enseigner ou vous entra\u00eener sur le champ de pratique, pour participer \u00e0 des ligues et \u00e0 des \u00e9v\u00e9nements en... Voir l\u2019article\" \/>\n<meta property=\"og:url\" content=\"https:\/\/yourswing.golf\/fr\/logiciels-de-simulation\/e6-connect\/\" \/>\n<meta property=\"og:site_name\" content=\"Your Swing Golf\" \/>\n<meta property=\"article:publisher\" content=\"https:\/\/www.facebook.com\/YourSwingGolf-101751728392224\" \/>\n<meta property=\"article:modified_time\" content=\"2022-04-15T18:35:47+00:00\" \/>\n<meta name=\"twitter:card\" content=\"summary_large_image\" \/>\n<meta name=\"twitter:label1\" content=\"Dur\u00e9e de lecture estim\u00e9e\" \/>\n\t<meta name=\"twitter:data1\" content=\"1 minute\" \/>\n<script type=\"application\/ld+json\" class=\"yoast-schema-graph\">{\"@context\":\"https:\\\/\\\/schema.org\",\"@graph\":[{\"@type\":\"WebPage\",\"@id\":\"https:\\\/\\\/yourswing.golf\\\/fr\\\/logiciels-de-simulation\\\/e6-connect\\\/\",\"url\":\"https:\\\/\\\/yourswing.golf\\\/fr\\\/logiciels-de-simulation\\\/e6-connect\\\/\",\"name\":\"E6 Connect - Your Swing Golf\",\"isPartOf\":{\"@id\":\"https:\\\/\\\/yourswing.golf\\\/#website\"},\"datePublished\":\"2022-03-16T23:25:28+00:00\",\"dateModified\":\"2022-04-15T18:35:47+00:00\",\"breadcrumb\":{\"@id\":\"https:\\\/\\\/yourswing.golf\\\/fr\\\/logiciels-de-simulation\\\/e6-connect\\\/#breadcrumb\"},\"inLanguage\":\"fr-FR\",\"potentialAction\":[{\"@type\":\"ReadAction\",\"target\":[\"https:\\\/\\\/yourswing.golf\\\/fr\\\/logiciels-de-simulation\\\/e6-connect\\\/\"]}]},{\"@type\":\"BreadcrumbList\",\"@id\":\"https:\\\/\\\/yourswing.golf\\\/fr\\\/logiciels-de-simulation\\\/e6-connect\\\/#breadcrumb\",\"itemListElement\":[{\"@type\":\"ListItem\",\"position\":1,\"name\":\"Home\",\"item\":\"https:\\\/\\\/yourswing.golf\\\/fr\\\/domicile\\\/\"},{\"@type\":\"ListItem\",\"position\":2,\"name\":\"LOGICIELS DE SIMULATION\",\"item\":\"https:\\\/\\\/yourswing.golf\\\/fr\\\/logiciels-de-simulation\\\/\"},{\"@type\":\"ListItem\",\"position\":3,\"name\":\"E6 Connect\"}]},{\"@type\":\"WebSite\",\"@id\":\"https:\\\/\\\/yourswing.golf\\\/#website\",\"url\":\"https:\\\/\\\/yourswing.golf\\\/\",\"name\":\"Your Swing Golf\",\"description\":\"Authorized dealer of launch monitors &amp; golf simulation equipment across Canada\",\"publisher\":{\"@id\":\"https:\\\/\\\/yourswing.golf\\\/#organization\"},\"potentialAction\":[{\"@type\":\"SearchAction\",\"target\":{\"@type\":\"EntryPoint\",\"urlTemplate\":\"https:\\\/\\\/yourswing.golf\\\/?s={search_term_string}\"},\"query-input\":{\"@type\":\"PropertyValueSpecification\",\"valueRequired\":true,\"valueName\":\"search_term_string\"}}],\"inLanguage\":\"fr-FR\"},{\"@type\":\"Organization\",\"@id\":\"https:\\\/\\\/yourswing.golf\\\/#organization\",\"name\":\"Your Swing Golf\",\"url\":\"https:\\\/\\\/yourswing.golf\\\/\",\"logo\":{\"@type\":\"ImageObject\",\"inLanguage\":\"fr-FR\",\"@id\":\"https:\\\/\\\/yourswing.golf\\\/#\\\/schema\\\/logo\\\/image\\\/\",\"url\":\"https:\\\/\\\/yourswing.golf\\\/wp-content\\\/uploads\\\/2022\\\/03\\\/your-swing-logo.png\",\"contentUrl\":\"https:\\\/\\\/yourswing.golf\\\/wp-content\\\/uploads\\\/2022\\\/03\\\/your-swing-logo.png\",\"width\":201,\"height\":63,\"caption\":\"Your Swing Golf\"},\"image\":{\"@id\":\"https:\\\/\\\/yourswing.golf\\\/#\\\/schema\\\/logo\\\/image\\\/\"},\"sameAs\":[\"https:\\\/\\\/www.facebook.com\\\/YourSwingGolf-101751728392224\"]}]}<\/script>\n<!-- \/ Yoast SEO plugin. -->","yoast_head_json":{"title":"E6 Connect - Your Swing Golf","robots":{"index":"index","follow":"follow","max-snippet":"max-snippet:-1","max-image-preview":"max-image-preview:large","max-video-preview":"max-video-preview:-1"},"canonical":"https:\/\/yourswing.golf\/fr\/logiciels-de-simulation\/e6-connect\/","og_locale":"fr_FR","og_type":"article","og_title":"E6 Connect - Your Swing Golf","og_description":"STANDARD DE L&rsquo;INDUSTRIE DU GOLF VIRTUEL E6 CONNECT est le logiciel de simulation de golf de la plus haute qualit\u00e9, le plus r\u00e9aliste et le plus personnalisable jamais cr\u00e9\u00e9. Utilisez-le avec des moniteurs de frappe pour enseigner ou vous entra\u00eener sur le champ de pratique, pour participer \u00e0 des ligues et \u00e0 des \u00e9v\u00e9nements en... Voir l\u2019article","og_url":"https:\/\/yourswing.golf\/fr\/logiciels-de-simulation\/e6-connect\/","og_site_name":"Your Swing Golf","article_publisher":"https:\/\/www.facebook.com\/YourSwingGolf-101751728392224","article_modified_time":"2022-04-15T18:35:47+00:00","twitter_card":"summary_large_image","twitter_misc":{"Dur\u00e9e de lecture estim\u00e9e":"1 minute"},"schema":{"@context":"https:\/\/schema.org","@graph":[{"@type":"WebPage","@id":"https:\/\/yourswing.golf\/fr\/logiciels-de-simulation\/e6-connect\/","url":"https:\/\/yourswing.golf\/fr\/logiciels-de-simulation\/e6-connect\/","name":"E6 Connect - Your Swing Golf","isPartOf":{"@id":"https:\/\/yourswing.golf\/#website"},"datePublished":"2022-03-16T23:25:28+00:00","dateModified":"2022-04-15T18:35:47+00:00","breadcrumb":{"@id":"https:\/\/yourswing.golf\/fr\/logiciels-de-simulation\/e6-connect\/#breadcrumb"},"inLanguage":"fr-FR","potentialAction":[{"@type":"ReadAction","target":["https:\/\/yourswing.golf\/fr\/logiciels-de-simulation\/e6-connect\/"]}]},{"@type":"BreadcrumbList","@id":"https:\/\/yourswing.golf\/fr\/logiciels-de-simulation\/e6-connect\/#breadcrumb","itemListElement":[{"@type":"ListItem","position":1,"name":"Home","item":"https:\/\/yourswing.golf\/fr\/domicile\/"},{"@type":"ListItem","position":2,"name":"LOGICIELS DE SIMULATION","item":"https:\/\/yourswing.golf\/fr\/logiciels-de-simulation\/"},{"@type":"ListItem","position":3,"name":"E6 Connect"}]},{"@type":"WebSite","@id":"https:\/\/yourswing.golf\/#website","url":"https:\/\/yourswing.golf\/","name":"Your Swing Golf","description":"Authorized dealer of launch monitors &amp; golf simulation equipment across Canada","publisher":{"@id":"https:\/\/yourswing.golf\/#organization"},"potentialAction":[{"@type":"SearchAction","target":{"@type":"EntryPoint","urlTemplate":"https:\/\/yourswing.golf\/?s={search_term_string}"},"query-input":{"@type":"PropertyValueSpecification","valueRequired":true,"valueName":"search_term_string"}}],"inLanguage":"fr-FR"},{"@type":"Organization","@id":"https:\/\/yourswing.golf\/#organization","name":"Your Swing Golf","url":"https:\/\/yourswing.golf\/","logo":{"@type":"ImageObject","inLanguage":"fr-FR","@id":"https:\/\/yourswing.golf\/#\/schema\/logo\/image\/","url":"https:\/\/yourswing.golf\/wp-content\/uploads\/2022\/03\/your-swing-logo.png","contentUrl":"https:\/\/yourswing.golf\/wp-content\/uploads\/2022\/03\/your-swing-logo.png","width":201,"height":63,"caption":"Your Swing Golf"},"image":{"@id":"https:\/\/yourswing.golf\/#\/schema\/logo\/image\/"},"sameAs":["https:\/\/www.facebook.com\/YourSwingGolf-101751728392224"]}]}},"_links":{"self":[{"href":"https:\/\/yourswing.golf\/fr\/wp-json\/wp\/v2\/pages\/313","targetHints":{"allow":["GET"]}}],"collection":[{"href":"https:\/\/yourswing.golf\/fr\/wp-json\/wp\/v2\/pages"}],"about":[{"href":"https:\/\/yourswing.golf\/fr\/wp-json\/wp\/v2\/types\/page"}],"author":[{"embeddable":true,"href":"https:\/\/yourswing.golf\/fr\/wp-json\/wp\/v2\/users\/1"}],"replies":[{"embeddable":true,"href":"https:\/\/yourswing.golf\/fr\/wp-json\/wp\/v2\/comments?post=313"}],"version-history":[{"count":1,"href":"https:\/\/yourswing.golf\/fr\/wp-json\/wp\/v2\/pages\/313\/revisions"}],"predecessor-version":[{"id":314,"href":"https:\/\/yourswing.golf\/fr\/wp-json\/wp\/v2\/pages\/313\/revisions\/314"}],"up":[{"embeddable":true,"href":"https:\/\/yourswing.golf\/fr\/wp-json\/wp\/v2\/pages\/312"}],"wp:attachment":[{"href":"https:\/\/yourswing.golf\/fr\/wp-json\/wp\/v2\/media?parent=313"}],"curies":[{"name":"wp","href":"https:\/\/api.w.org\/{rel}","templated":true}]}}