{"id":359,"date":"2022-05-10T00:07:54","date_gmt":"2022-05-10T07:07:54","guid":{"rendered":"https:\/\/yourswing.golf\/promotions\/"},"modified":"2024-06-11T13:58:20","modified_gmt":"2024-06-11T20:58:20","slug":"promotions","status":"publish","type":"page","link":"https:\/\/yourswing.golf\/fr\/promotions\/","title":{"rendered":"Promotions"},"content":{"rendered":"\n<p><strong>Offres exclusives et r\u00e9ductions uniques<\/strong><\/p>\n\n\n\n<p>Bienvenue sur la page des offres de Yourswing, o\u00f9 vous pouvez trouver des r\u00e9ductions exclusives sur des articles s\u00e9lectionn\u00e9s. Ces offres sont disponibles pour une dur\u00e9e limit\u00e9e ou sur un article seulement, ne les manquez pas&nbsp;!<\/p>\n\n\n\n\n\n\n<div class=\"wp-block-query is-layout-flow wp-block-query-is-layout-flow\"><ul class=\"columns-4 products-block-post-template wp-block-post-template is-layout-grid wp-container-core-post-template-is-layout-b954fd2f wp-block-post-template-is-layout-grid\"><li class=\"wp-block-post post-3403 product type-product status-publish has-post-thumbnail product_cat-golf-simulator-accessories-fr product_cat-deals-fr first instock sale taxable shipping-taxable purchasable product-type-simple\">\n<div data-block-name=\"woocommerce\/product-image\" data-image-sizing=\"thumbnail\" data-is-descendent-of-query-loop=\"true\" data-sale-badge-align=\"left\" class=\"wc-block-components-product-image wc-block-grid__product-image wc-block-components-product-image--aspect-ratio-auto wp-block-woocommerce-product-image\"><a href=\"https:\/\/yourswing.golf\/fr\/product\/moniteur-touchscreen-4k-43po-livraison-juin-2026\/\" style=\"\" data-wp-on--click=\"woocommerce\/product-collection::actions.viewProduct\"><div data-block-name=\"woocommerce\/product-sale-badge\" class=\"wp-block-woocommerce-product-sale-badge \"><div class=\"wc-block-components-product-sale-badge alignleft wc-block-components-product-sale-badge--align-left\" style=\"\"><span class=\"wc-block-components-product-sale-badge__text\" aria-hidden=\"true\">Promo<\/span><span class=\"screen-reader-text\">Produit en promotion<\/span><\/div><\/div><img decoding=\"async\" width=\"300\" height=\"300\" src=\"https:\/\/yourswing.golf\/wp-content\/uploads\/2026\/03\/Interactive-Flat-Pane-300x300.jpg\" class=\"attachment-woocommerce_thumbnail size-woocommerce_thumbnail\" alt=\"Moniteur touchscreen 4K 43po (Livraison fin Juin 2026)\" data-testid=\"product-image\" data-image-id=\"3398\" style=\"object-fit:cover;\" loading=\"lazy\" srcset=\"https:\/\/yourswing.golf\/wp-content\/uploads\/2026\/03\/Interactive-Flat-Pane-300x300.jpg 300w, https:\/\/yourswing.golf\/wp-content\/uploads\/2026\/03\/Interactive-Flat-Pane-150x150.jpg 150w, https:\/\/yourswing.golf\/wp-content\/uploads\/2026\/03\/Interactive-Flat-Pane-500x500.jpg 500w, https:\/\/yourswing.golf\/wp-content\/uploads\/2026\/03\/Interactive-Flat-Pane-100x100.jpg 100w, https:\/\/yourswing.golf\/wp-content\/uploads\/2026\/03\/Interactive-Flat-Pane.jpg 600w\" sizes=\"auto, (max-width: 300px) 100vw, 300px\" \/><div class=\"wc-block-components-product-image__inner-container\"><\/div><\/a><\/div>\n\n<h3 style=\"margin-bottom:0.75rem;margin-top:0;\" class=\"has-text-align-center wp-block-post-title has-medium-font-size\"><a href=\"https:\/\/yourswing.golf\/fr\/product\/moniteur-touchscreen-4k-43po-livraison-juin-2026\/\" target=\"_self\" >Moniteur touchscreen 4K 43po (Livraison fin Juin 2026)<\/a><\/h3>\n\n<div data-block-name=\"woocommerce\/product-price\" data-font-size=\"small\" data-is-descendent-of-query-loop=\"true\" data-text-align=\"center\" class=\"has-font-size has-small-font-size has-text-align-center wp-block-woocommerce-product-price has-small-font-size\" ><div class=\"wc-block-components-product-price wc-block-grid__product-price\" >\n\t\t\t\t\t<del aria-hidden=\"true\"><span class=\"woocommerce-Price-amount amount\"><bdi><span class=\"woocommerce-Price-currencySymbol\">&#36;<\/span>1,999.00<\/bdi><\/span><\/del> <span class=\"screen-reader-text\">Le prix initial \u00e9tait\u00a0: &#036;1,999.00.<\/span><ins aria-hidden=\"true\"><span class=\"woocommerce-Price-amount amount\"><bdi><span class=\"woocommerce-Price-currencySymbol\">&#36;<\/span>1,299.00<\/bdi><\/span><\/ins><span class=\"screen-reader-text\">Le prix actuel est\u00a0: &#036;1,299.00.<\/span> CAD\n\t\t\t\t<\/div><\/div>\n\n<div data-block-name=\"woocommerce\/product-button\" data-font-size=\"small\" data-is-descendent-of-query-loop=\"true\" data-text-align=\"center\" class=\"wp-block-button wc-block-components-product-button   align-center wp-block-woocommerce-product-button has-small-font-size\"\n\t\t\t\t\t\n\t\t\t\t\tdata-wp-context='{\"quantityToAdd\":1,\"productId\":3403,\"productType\":\"simple\",\"addToCartText\":\"Ajouter au panier\",\"tempQuantity\":0,\"animationStatus\":\"IDLE\",\"inTheCartText\":\"### dans le panier\",\"noticeId\":\"\",\"hasPressedButton\":false}'\n\t\t\t\t>\n\t\t\t\t\t<a\n\t\t\t\t\t\tclass=\"wp-block-button__link wp-element-button wc-block-components-product-button__button add_to_cart_button product_type_simple has-font-size has-small-font-size has-text-align-center wc-interactive\"\n\t\t\t\t\t\tstyle=\"\"\n\t\t\t\t\t\thref=\"\/fr\/wp-json\/wp\/v2\/pages\/359?add-to-cart=3403\" rel=\"nofollow\" data-product_id=\"3403\" data-product_sku=\"\" aria-label=\"Ajouter au panier\u00a0: &ldquo;Moniteur touchscreen 4K 43po (Livraison fin Juin 2026)&rdquo;\"\n\t\t\t\t\t\tdata-wp-on--click=\"woocommerce\/product-collection::actions.viewProduct\"\n\t\t\t\t\t>\n\t\t\t\t\t<span >Ajouter au panier<\/span>\n\t\t\t\t\t<\/a>\n\t\t\t\t\t\n\t\t\t\t<\/div>\n<\/li><\/ul><\/div>\n","protected":false},"excerpt":{"rendered":"Offres exclusives et r\u00e9ductions uniques Bienvenue sur la page des offres de Yourswing, o\u00f9 vous pouvez trouver des r\u00e9ductions exclusives sur des articles s\u00e9lectionn\u00e9s. Ces offres sont disponibles pour une dur\u00e9e limit\u00e9e ou sur un article seulement, ne les manquez pas&nbsp;!","protected":false},"author":1,"featured_media":0,"parent":0,"menu_order":0,"comment_status":"closed","ping_status":"closed","template":"nosidebar.php","meta":{"_acf_changed":false,"footnotes":""},"class_list":["post-359","page","type-page","status-publish","hentry"],"acf":[],"yoast_head":"<!-- This site is optimized with the Yoast SEO plugin v27.4 - https:\/\/yoast.com\/product\/yoast-seo-wordpress\/ -->\n<title>Promotions - Your Swing Golf<\/title>\n<meta name=\"robots\" content=\"index, follow, max-snippet:-1, max-image-preview:large, max-video-preview:-1\" \/>\n<link rel=\"canonical\" href=\"https:\/\/yourswing.golf\/fr\/promotions\/\" \/>\n<meta property=\"og:locale\" content=\"fr_FR\" \/>\n<meta property=\"og:type\" content=\"article\" \/>\n<meta property=\"og:title\" content=\"Promotions - Your Swing Golf\" \/>\n<meta property=\"og:description\" content=\"Offres exclusives et r\u00e9ductions uniques Bienvenue sur la page des offres de Yourswing, o\u00f9 vous pouvez trouver des r\u00e9ductions exclusives sur des articles s\u00e9lectionn\u00e9s. Ces offres sont disponibles pour une dur\u00e9e limit\u00e9e ou sur un article seulement, ne les manquez pas&nbsp;!\" \/>\n<meta property=\"og:url\" content=\"https:\/\/yourswing.golf\/fr\/promotions\/\" \/>\n<meta property=\"og:site_name\" content=\"Your Swing Golf\" \/>\n<meta property=\"article:publisher\" content=\"https:\/\/www.facebook.com\/YourSwingGolf-101751728392224\" \/>\n<meta property=\"article:modified_time\" content=\"2024-06-11T20:58:20+00:00\" \/>\n<meta name=\"twitter:card\" content=\"summary_large_image\" \/>\n<meta name=\"twitter:label1\" content=\"Dur\u00e9e de lecture estim\u00e9e\" \/>\n\t<meta name=\"twitter:data1\" content=\"1 minute\" \/>\n<script type=\"application\/ld+json\" class=\"yoast-schema-graph\">{\"@context\":\"https:\\\/\\\/schema.org\",\"@graph\":[{\"@type\":\"WebPage\",\"@id\":\"https:\\\/\\\/yourswing.golf\\\/fr\\\/promotions\\\/\",\"url\":\"https:\\\/\\\/yourswing.golf\\\/fr\\\/promotions\\\/\",\"name\":\"Promotions - Your Swing Golf\",\"isPartOf\":{\"@id\":\"https:\\\/\\\/yourswing.golf\\\/#website\"},\"datePublished\":\"2022-05-10T07:07:54+00:00\",\"dateModified\":\"2024-06-11T20:58:20+00:00\",\"breadcrumb\":{\"@id\":\"https:\\\/\\\/yourswing.golf\\\/fr\\\/promotions\\\/#breadcrumb\"},\"inLanguage\":\"fr-FR\",\"potentialAction\":[{\"@type\":\"ReadAction\",\"target\":[\"https:\\\/\\\/yourswing.golf\\\/fr\\\/promotions\\\/\"]}]},{\"@type\":\"BreadcrumbList\",\"@id\":\"https:\\\/\\\/yourswing.golf\\\/fr\\\/promotions\\\/#breadcrumb\",\"itemListElement\":[{\"@type\":\"ListItem\",\"position\":1,\"name\":\"Home\",\"item\":\"https:\\\/\\\/yourswing.golf\\\/fr\\\/domicile\\\/\"},{\"@type\":\"ListItem\",\"position\":2,\"name\":\"Promotions\"}]},{\"@type\":\"WebSite\",\"@id\":\"https:\\\/\\\/yourswing.golf\\\/#website\",\"url\":\"https:\\\/\\\/yourswing.golf\\\/\",\"name\":\"Your Swing Golf\",\"description\":\"Authorized dealer of launch monitors &amp; golf simulation equipment across Canada\",\"publisher\":{\"@id\":\"https:\\\/\\\/yourswing.golf\\\/#organization\"},\"potentialAction\":[{\"@type\":\"SearchAction\",\"target\":{\"@type\":\"EntryPoint\",\"urlTemplate\":\"https:\\\/\\\/yourswing.golf\\\/?s={search_term_string}\"},\"query-input\":{\"@type\":\"PropertyValueSpecification\",\"valueRequired\":true,\"valueName\":\"search_term_string\"}}],\"inLanguage\":\"fr-FR\"},{\"@type\":\"Organization\",\"@id\":\"https:\\\/\\\/yourswing.golf\\\/#organization\",\"name\":\"Your Swing Golf\",\"url\":\"https:\\\/\\\/yourswing.golf\\\/\",\"logo\":{\"@type\":\"ImageObject\",\"inLanguage\":\"fr-FR\",\"@id\":\"https:\\\/\\\/yourswing.golf\\\/#\\\/schema\\\/logo\\\/image\\\/\",\"url\":\"https:\\\/\\\/yourswing.golf\\\/wp-content\\\/uploads\\\/2022\\\/03\\\/your-swing-logo.png\",\"contentUrl\":\"https:\\\/\\\/yourswing.golf\\\/wp-content\\\/uploads\\\/2022\\\/03\\\/your-swing-logo.png\",\"width\":201,\"height\":63,\"caption\":\"Your Swing Golf\"},\"image\":{\"@id\":\"https:\\\/\\\/yourswing.golf\\\/#\\\/schema\\\/logo\\\/image\\\/\"},\"sameAs\":[\"https:\\\/\\\/www.facebook.com\\\/YourSwingGolf-101751728392224\"]}]}<\/script>\n<!-- \/ Yoast SEO plugin. -->","yoast_head_json":{"title":"Promotions - Your Swing Golf","robots":{"index":"index","follow":"follow","max-snippet":"max-snippet:-1","max-image-preview":"max-image-preview:large","max-video-preview":"max-video-preview:-1"},"canonical":"https:\/\/yourswing.golf\/fr\/promotions\/","og_locale":"fr_FR","og_type":"article","og_title":"Promotions - Your Swing Golf","og_description":"Offres exclusives et r\u00e9ductions uniques Bienvenue sur la page des offres de Yourswing, o\u00f9 vous pouvez trouver des r\u00e9ductions exclusives sur des articles s\u00e9lectionn\u00e9s. Ces offres sont disponibles pour une dur\u00e9e limit\u00e9e ou sur un article seulement, ne les manquez pas&nbsp;!","og_url":"https:\/\/yourswing.golf\/fr\/promotions\/","og_site_name":"Your Swing Golf","article_publisher":"https:\/\/www.facebook.com\/YourSwingGolf-101751728392224","article_modified_time":"2024-06-11T20:58:20+00:00","twitter_card":"summary_large_image","twitter_misc":{"Dur\u00e9e de lecture estim\u00e9e":"1 minute"},"schema":{"@context":"https:\/\/schema.org","@graph":[{"@type":"WebPage","@id":"https:\/\/yourswing.golf\/fr\/promotions\/","url":"https:\/\/yourswing.golf\/fr\/promotions\/","name":"Promotions - Your Swing Golf","isPartOf":{"@id":"https:\/\/yourswing.golf\/#website"},"datePublished":"2022-05-10T07:07:54+00:00","dateModified":"2024-06-11T20:58:20+00:00","breadcrumb":{"@id":"https:\/\/yourswing.golf\/fr\/promotions\/#breadcrumb"},"inLanguage":"fr-FR","potentialAction":[{"@type":"ReadAction","target":["https:\/\/yourswing.golf\/fr\/promotions\/"]}]},{"@type":"BreadcrumbList","@id":"https:\/\/yourswing.golf\/fr\/promotions\/#breadcrumb","itemListElement":[{"@type":"ListItem","position":1,"name":"Home","item":"https:\/\/yourswing.golf\/fr\/domicile\/"},{"@type":"ListItem","position":2,"name":"Promotions"}]},{"@type":"WebSite","@id":"https:\/\/yourswing.golf\/#website","url":"https:\/\/yourswing.golf\/","name":"Your Swing Golf","description":"Authorized dealer of launch monitors &amp; golf simulation equipment across Canada","publisher":{"@id":"https:\/\/yourswing.golf\/#organization"},"potentialAction":[{"@type":"SearchAction","target":{"@type":"EntryPoint","urlTemplate":"https:\/\/yourswing.golf\/?s={search_term_string}"},"query-input":{"@type":"PropertyValueSpecification","valueRequired":true,"valueName":"search_term_string"}}],"inLanguage":"fr-FR"},{"@type":"Organization","@id":"https:\/\/yourswing.golf\/#organization","name":"Your Swing Golf","url":"https:\/\/yourswing.golf\/","logo":{"@type":"ImageObject","inLanguage":"fr-FR","@id":"https:\/\/yourswing.golf\/#\/schema\/logo\/image\/","url":"https:\/\/yourswing.golf\/wp-content\/uploads\/2022\/03\/your-swing-logo.png","contentUrl":"https:\/\/yourswing.golf\/wp-content\/uploads\/2022\/03\/your-swing-logo.png","width":201,"height":63,"caption":"Your Swing Golf"},"image":{"@id":"https:\/\/yourswing.golf\/#\/schema\/logo\/image\/"},"sameAs":["https:\/\/www.facebook.com\/YourSwingGolf-101751728392224"]}]}},"_links":{"self":[{"href":"https:\/\/yourswing.golf\/fr\/wp-json\/wp\/v2\/pages\/359","targetHints":{"allow":["GET"]}}],"collection":[{"href":"https:\/\/yourswing.golf\/fr\/wp-json\/wp\/v2\/pages"}],"about":[{"href":"https:\/\/yourswing.golf\/fr\/wp-json\/wp\/v2\/types\/page"}],"author":[{"embeddable":true,"href":"https:\/\/yourswing.golf\/fr\/wp-json\/wp\/v2\/users\/1"}],"replies":[{"embeddable":true,"href":"https:\/\/yourswing.golf\/fr\/wp-json\/wp\/v2\/comments?post=359"}],"version-history":[{"count":37,"href":"https:\/\/yourswing.golf\/fr\/wp-json\/wp\/v2\/pages\/359\/revisions"}],"predecessor-version":[{"id":1724,"href":"https:\/\/yourswing.golf\/fr\/wp-json\/wp\/v2\/pages\/359\/revisions\/1724"}],"wp:attachment":[{"href":"https:\/\/yourswing.golf\/fr\/wp-json\/wp\/v2\/media?parent=359"}],"curies":[{"name":"wp","href":"https:\/\/api.w.org\/{rel}","templated":true}]}}