{"id":1594,"date":"2024-05-26T17:27:26","date_gmt":"2024-05-27T00:27:26","guid":{"rendered":"https:\/\/yourswing.golf\/?post_type=product&#038;p=1594"},"modified":"2026-01-29T09:30:47","modified_gmt":"2026-01-29T17:30:47","slug":"simrail","status":"publish","type":"product","link":"https:\/\/yourswing.golf\/fr\/product\/simrail\/","title":{"rendered":"SimRail"},"content":{"rendered":"","protected":false},"excerpt":{"rendered":"Le SimRail permet l&rsquo;installation d&rsquo;un moniteur de frappe mont\u00e9 au plafond dans une pi\u00e8ce \u00e9troite. Il se connectera \u00e0 GSPRO et d\u00e9placera le moniteur vers la droite en fonction de la main du joueur avant qu&rsquo;il ne frappe. Fonctionnement sans fil et totalement automatique.\r\n\r\n<strong>SIMRail est un syst\u00e8me de rail motoris\u00e9 pour les utilisateurs qui n&rsquo;ont pas suffisamment d&rsquo;espace pour accueillir des joueurs gauchers et droitiers.<\/strong> <strong>Caract\u00e9ristiques:<\/strong>\r\n<ul>\r\n \t<li>Enti\u00e8rement compatible avec GSPRO.<\/li>\r\n        <li>Maintenant avec commande vocale pour tout autre logiciel que GSPRO.<\/li>\r\n \t<li>3 positions de frappe : gauche, droite et centre (pour le putting par exemple).<\/li>\r\n \t<li>Les 3 positions sont personnalisables ; vous pouvez d\u00e9finir la position et \u00e9galement d\u00e9finir quels clubs seront utilis\u00e9s depuis la position centrale.<\/li>\r\n \t<li>La communication avec le SIMRail se fait via Bluetooth et le contr\u00f4le vocal.<\/li>\r\n \t<li>Contr\u00f4le de la vitesse et de l&rsquo;acc\u00e9l\u00e9ration du rail.<\/li>\r\n \t<li>Configuration requise : Windows 10 ou sup\u00e9rieur.<\/li>\r\n<\/ul>\r\n<a href=\"https:\/\/yourswing.golf\/wp-content\/uploads\/2024\/05\/SimRail-Move.mov\">SimRail-Move VIDEO<\/a>","protected":false},"featured_media":1581,"template":"","meta":{"_acf_changed":false,"footnotes":""},"product_brand":[],"product_cat":[32],"product_tag":[],"class_list":{"0":"post-1594","1":"product","2":"type-product","3":"status-publish","4":"has-post-thumbnail","6":"product_cat-golf-simulator-accessories-fr","8":"first","9":"instock","10":"taxable","11":"shipping-taxable","12":"purchasable","13":"product-type-simple"},"acf":[],"yoast_head":"<!-- This site is optimized with the Yoast SEO plugin v27.4 - https:\/\/yoast.com\/product\/yoast-seo-wordpress\/ -->\n<title>SimRail - Your Swing Golf<\/title>\n<meta name=\"robots\" content=\"index, follow, max-snippet:-1, max-image-preview:large, max-video-preview:-1\" \/>\n<link rel=\"canonical\" href=\"https:\/\/yourswing.golf\/fr\/product\/simrail\/\" \/>\n<meta property=\"og:locale\" content=\"fr_FR\" \/>\n<meta property=\"og:type\" content=\"article\" \/>\n<meta property=\"og:title\" content=\"SimRail - Your Swing Golf\" \/>\n<meta property=\"og:description\" content=\"Le SimRail permet l&#039;installation d&#039;un moniteur de frappe mont\u00e9 au plafond dans une pi\u00e8ce \u00e9troite. Il se connectera \u00e0 GSPRO et d\u00e9placera le moniteur vers la droite en fonction de la main du joueur avant qu&#039;il ne frappe. Fonctionnement sans fil et totalement automatique.  SIMRail est un syst\u00e8me de rail motoris\u00e9 pour les utilisateurs qui n&#039;ont pas suffisamment d&#039;espace pour accueillir des joueurs gauchers et droitiers. Caract\u00e9ristiques:   Enti\u00e8rement compatible avec GSPRO.     Maintenant avec commande vocale pour tout autre logiciel que GSPRO.  3 positions de frappe : gauche, droite et centre (pour le putting par exemple).  Les 3 positions sont personnalisables ; vous pouvez d\u00e9finir la position et \u00e9galement d\u00e9finir quels clubs seront utilis\u00e9s depuis la position centrale.  La communication avec le SIMRail se fait via Bluetooth et le contr\u00f4le vocal.  Contr\u00f4le de la vitesse et de l&#039;acc\u00e9l\u00e9ration du rail.  Configuration requise : Windows 10 ou sup\u00e9rieur.  SimRail-Move VIDEO\" \/>\n<meta property=\"og:url\" content=\"https:\/\/yourswing.golf\/fr\/product\/simrail\/\" \/>\n<meta property=\"og:site_name\" content=\"Your Swing Golf\" \/>\n<meta property=\"article:publisher\" content=\"https:\/\/www.facebook.com\/YourSwingGolf-101751728392224\" \/>\n<meta property=\"article:modified_time\" content=\"2026-01-29T17:30:47+00:00\" \/>\n<meta property=\"og:image\" content=\"https:\/\/yourswing.golf\/wp-content\/uploads\/2024\/05\/IMG_1830-1-scaled.jpg\" \/>\n\t<meta property=\"og:image:width\" content=\"2560\" \/>\n\t<meta property=\"og:image:height\" content=\"1817\" \/>\n\t<meta property=\"og:image:type\" content=\"image\/jpeg\" \/>\n<meta name=\"twitter:card\" content=\"summary_large_image\" \/>\n<meta name=\"twitter:label1\" content=\"Dur\u00e9e de lecture estim\u00e9e\" \/>\n\t<meta name=\"twitter:data1\" content=\"1 minute\" \/>\n<script type=\"application\/ld+json\" class=\"yoast-schema-graph\">{\"@context\":\"https:\\\/\\\/schema.org\",\"@graph\":[{\"@type\":\"WebPage\",\"@id\":\"https:\\\/\\\/yourswing.golf\\\/fr\\\/product\\\/simrail\\\/\",\"url\":\"https:\\\/\\\/yourswing.golf\\\/fr\\\/product\\\/simrail\\\/\",\"name\":\"SimRail - Your Swing Golf\",\"isPartOf\":{\"@id\":\"https:\\\/\\\/yourswing.golf\\\/#website\"},\"primaryImageOfPage\":{\"@id\":\"https:\\\/\\\/yourswing.golf\\\/fr\\\/product\\\/simrail\\\/#primaryimage\"},\"image\":{\"@id\":\"https:\\\/\\\/yourswing.golf\\\/fr\\\/product\\\/simrail\\\/#primaryimage\"},\"thumbnailUrl\":\"https:\\\/\\\/yourswing.golf\\\/wp-content\\\/uploads\\\/2024\\\/05\\\/IMG_1830-1-scaled.jpg\",\"datePublished\":\"2024-05-27T00:27:26+00:00\",\"dateModified\":\"2026-01-29T17:30:47+00:00\",\"breadcrumb\":{\"@id\":\"https:\\\/\\\/yourswing.golf\\\/fr\\\/product\\\/simrail\\\/#breadcrumb\"},\"inLanguage\":\"fr-FR\",\"potentialAction\":[{\"@type\":\"ReadAction\",\"target\":[\"https:\\\/\\\/yourswing.golf\\\/fr\\\/product\\\/simrail\\\/\"]}]},{\"@type\":\"ImageObject\",\"inLanguage\":\"fr-FR\",\"@id\":\"https:\\\/\\\/yourswing.golf\\\/fr\\\/product\\\/simrail\\\/#primaryimage\",\"url\":\"https:\\\/\\\/yourswing.golf\\\/wp-content\\\/uploads\\\/2024\\\/05\\\/IMG_1830-1-scaled.jpg\",\"contentUrl\":\"https:\\\/\\\/yourswing.golf\\\/wp-content\\\/uploads\\\/2024\\\/05\\\/IMG_1830-1-scaled.jpg\",\"width\":2560,\"height\":1817},{\"@type\":\"BreadcrumbList\",\"@id\":\"https:\\\/\\\/yourswing.golf\\\/fr\\\/product\\\/simrail\\\/#breadcrumb\",\"itemListElement\":[{\"@type\":\"ListItem\",\"position\":1,\"name\":\"Home\",\"item\":\"https:\\\/\\\/yourswing.golf\\\/fr\\\/domicile\\\/\"},{\"@type\":\"ListItem\",\"position\":2,\"name\":\"Acheter\",\"item\":\"https:\\\/\\\/yourswing.golf\\\/fr\\\/acheter\\\/\"},{\"@type\":\"ListItem\",\"position\":3,\"name\":\"SimRail\"}]},{\"@type\":\"WebSite\",\"@id\":\"https:\\\/\\\/yourswing.golf\\\/#website\",\"url\":\"https:\\\/\\\/yourswing.golf\\\/\",\"name\":\"Your Swing Golf\",\"description\":\"Authorized dealer of launch monitors &amp; golf simulation equipment across Canada\",\"publisher\":{\"@id\":\"https:\\\/\\\/yourswing.golf\\\/#organization\"},\"potentialAction\":[{\"@type\":\"SearchAction\",\"target\":{\"@type\":\"EntryPoint\",\"urlTemplate\":\"https:\\\/\\\/yourswing.golf\\\/?s={search_term_string}\"},\"query-input\":{\"@type\":\"PropertyValueSpecification\",\"valueRequired\":true,\"valueName\":\"search_term_string\"}}],\"inLanguage\":\"fr-FR\"},{\"@type\":\"Organization\",\"@id\":\"https:\\\/\\\/yourswing.golf\\\/#organization\",\"name\":\"Your Swing Golf\",\"url\":\"https:\\\/\\\/yourswing.golf\\\/\",\"logo\":{\"@type\":\"ImageObject\",\"inLanguage\":\"fr-FR\",\"@id\":\"https:\\\/\\\/yourswing.golf\\\/#\\\/schema\\\/logo\\\/image\\\/\",\"url\":\"https:\\\/\\\/yourswing.golf\\\/wp-content\\\/uploads\\\/2022\\\/03\\\/your-swing-logo.png\",\"contentUrl\":\"https:\\\/\\\/yourswing.golf\\\/wp-content\\\/uploads\\\/2022\\\/03\\\/your-swing-logo.png\",\"width\":201,\"height\":63,\"caption\":\"Your Swing Golf\"},\"image\":{\"@id\":\"https:\\\/\\\/yourswing.golf\\\/#\\\/schema\\\/logo\\\/image\\\/\"},\"sameAs\":[\"https:\\\/\\\/www.facebook.com\\\/YourSwingGolf-101751728392224\"]}]}<\/script>\n<!-- \/ Yoast SEO plugin. -->","yoast_head_json":{"title":"SimRail - Your Swing Golf","robots":{"index":"index","follow":"follow","max-snippet":"max-snippet:-1","max-image-preview":"max-image-preview:large","max-video-preview":"max-video-preview:-1"},"canonical":"https:\/\/yourswing.golf\/fr\/product\/simrail\/","og_locale":"fr_FR","og_type":"article","og_title":"SimRail - Your Swing Golf","og_description":"Le SimRail permet l'installation d'un moniteur de frappe mont\u00e9 au plafond dans une pi\u00e8ce \u00e9troite. Il se connectera \u00e0 GSPRO et d\u00e9placera le moniteur vers la droite en fonction de la main du joueur avant qu'il ne frappe. Fonctionnement sans fil et totalement automatique.  SIMRail est un syst\u00e8me de rail motoris\u00e9 pour les utilisateurs qui n'ont pas suffisamment d'espace pour accueillir des joueurs gauchers et droitiers. Caract\u00e9ristiques:   Enti\u00e8rement compatible avec GSPRO.     Maintenant avec commande vocale pour tout autre logiciel que GSPRO.  3 positions de frappe : gauche, droite et centre (pour le putting par exemple).  Les 3 positions sont personnalisables ; vous pouvez d\u00e9finir la position et \u00e9galement d\u00e9finir quels clubs seront utilis\u00e9s depuis la position centrale.  La communication avec le SIMRail se fait via Bluetooth et le contr\u00f4le vocal.  Contr\u00f4le de la vitesse et de l'acc\u00e9l\u00e9ration du rail.  Configuration requise : Windows 10 ou sup\u00e9rieur.  SimRail-Move VIDEO","og_url":"https:\/\/yourswing.golf\/fr\/product\/simrail\/","og_site_name":"Your Swing Golf","article_publisher":"https:\/\/www.facebook.com\/YourSwingGolf-101751728392224","article_modified_time":"2026-01-29T17:30:47+00:00","og_image":[{"width":2560,"height":1817,"url":"https:\/\/yourswing.golf\/wp-content\/uploads\/2024\/05\/IMG_1830-1-scaled.jpg","type":"image\/jpeg"}],"twitter_card":"summary_large_image","twitter_misc":{"Dur\u00e9e de lecture estim\u00e9e":"1 minute"},"schema":{"@context":"https:\/\/schema.org","@graph":[{"@type":"WebPage","@id":"https:\/\/yourswing.golf\/fr\/product\/simrail\/","url":"https:\/\/yourswing.golf\/fr\/product\/simrail\/","name":"SimRail - Your Swing Golf","isPartOf":{"@id":"https:\/\/yourswing.golf\/#website"},"primaryImageOfPage":{"@id":"https:\/\/yourswing.golf\/fr\/product\/simrail\/#primaryimage"},"image":{"@id":"https:\/\/yourswing.golf\/fr\/product\/simrail\/#primaryimage"},"thumbnailUrl":"https:\/\/yourswing.golf\/wp-content\/uploads\/2024\/05\/IMG_1830-1-scaled.jpg","datePublished":"2024-05-27T00:27:26+00:00","dateModified":"2026-01-29T17:30:47+00:00","breadcrumb":{"@id":"https:\/\/yourswing.golf\/fr\/product\/simrail\/#breadcrumb"},"inLanguage":"fr-FR","potentialAction":[{"@type":"ReadAction","target":["https:\/\/yourswing.golf\/fr\/product\/simrail\/"]}]},{"@type":"ImageObject","inLanguage":"fr-FR","@id":"https:\/\/yourswing.golf\/fr\/product\/simrail\/#primaryimage","url":"https:\/\/yourswing.golf\/wp-content\/uploads\/2024\/05\/IMG_1830-1-scaled.jpg","contentUrl":"https:\/\/yourswing.golf\/wp-content\/uploads\/2024\/05\/IMG_1830-1-scaled.jpg","width":2560,"height":1817},{"@type":"BreadcrumbList","@id":"https:\/\/yourswing.golf\/fr\/product\/simrail\/#breadcrumb","itemListElement":[{"@type":"ListItem","position":1,"name":"Home","item":"https:\/\/yourswing.golf\/fr\/domicile\/"},{"@type":"ListItem","position":2,"name":"Acheter","item":"https:\/\/yourswing.golf\/fr\/acheter\/"},{"@type":"ListItem","position":3,"name":"SimRail"}]},{"@type":"WebSite","@id":"https:\/\/yourswing.golf\/#website","url":"https:\/\/yourswing.golf\/","name":"Your Swing Golf","description":"Authorized dealer of launch monitors &amp; golf simulation equipment across Canada","publisher":{"@id":"https:\/\/yourswing.golf\/#organization"},"potentialAction":[{"@type":"SearchAction","target":{"@type":"EntryPoint","urlTemplate":"https:\/\/yourswing.golf\/?s={search_term_string}"},"query-input":{"@type":"PropertyValueSpecification","valueRequired":true,"valueName":"search_term_string"}}],"inLanguage":"fr-FR"},{"@type":"Organization","@id":"https:\/\/yourswing.golf\/#organization","name":"Your Swing Golf","url":"https:\/\/yourswing.golf\/","logo":{"@type":"ImageObject","inLanguage":"fr-FR","@id":"https:\/\/yourswing.golf\/#\/schema\/logo\/image\/","url":"https:\/\/yourswing.golf\/wp-content\/uploads\/2022\/03\/your-swing-logo.png","contentUrl":"https:\/\/yourswing.golf\/wp-content\/uploads\/2022\/03\/your-swing-logo.png","width":201,"height":63,"caption":"Your Swing Golf"},"image":{"@id":"https:\/\/yourswing.golf\/#\/schema\/logo\/image\/"},"sameAs":["https:\/\/www.facebook.com\/YourSwingGolf-101751728392224"]}]}},"_links":{"self":[{"href":"https:\/\/yourswing.golf\/fr\/wp-json\/wp\/v2\/product\/1594","targetHints":{"allow":["GET"]}}],"collection":[{"href":"https:\/\/yourswing.golf\/fr\/wp-json\/wp\/v2\/product"}],"about":[{"href":"https:\/\/yourswing.golf\/fr\/wp-json\/wp\/v2\/types\/product"}],"version-history":[{"count":3,"href":"https:\/\/yourswing.golf\/fr\/wp-json\/wp\/v2\/product\/1594\/revisions"}],"predecessor-version":[{"id":3224,"href":"https:\/\/yourswing.golf\/fr\/wp-json\/wp\/v2\/product\/1594\/revisions\/3224"}],"wp:featuredmedia":[{"embeddable":true,"href":"https:\/\/yourswing.golf\/fr\/wp-json\/wp\/v2\/media\/1581"}],"wp:attachment":[{"href":"https:\/\/yourswing.golf\/fr\/wp-json\/wp\/v2\/media?parent=1594"}],"wp:term":[{"taxonomy":"product_brand","embeddable":true,"href":"https:\/\/yourswing.golf\/fr\/wp-json\/wp\/v2\/product_brand?post=1594"},{"taxonomy":"product_cat","embeddable":true,"href":"https:\/\/yourswing.golf\/fr\/wp-json\/wp\/v2\/product_cat?post=1594"},{"taxonomy":"product_tag","embeddable":true,"href":"https:\/\/yourswing.golf\/fr\/wp-json\/wp\/v2\/product_tag?post=1594"}],"curies":[{"name":"wp","href":"https:\/\/api.w.org\/{rel}","templated":true}]}}