{"id":1626,"date":"2024-05-31T14:03:27","date_gmt":"2024-05-31T21:03:27","guid":{"rendered":"https:\/\/yourswing.golf\/product\/ultra-premium-screen\/"},"modified":"2024-06-05T11:49:52","modified_gmt":"2024-06-05T18:49:52","slug":"ultra-premium-screen","status":"publish","type":"product","link":"https:\/\/yourswing.golf\/fr\/product\/ultra-premium-screen\/","title":{"rendered":"\u00c9cran Ultra-Premium"},"content":{"rendered":"","protected":false},"excerpt":{"rendered":"<strong>D\u00e9couvrez notre syst\u00e8me d&rsquo;\u00e9cran d&rsquo;impact de golf sur mesure Ultra-Premium avec deux toiles.<\/strong>\r\n\r\n&nbsp;\r\n\r\nL&rsquo;\u00e9cran de simulateur de golf le plus silencieux du march\u00e9, notre syst\u00e8me d&rsquo;\u00e9cran 2 toiles comprend un \u00e9cran avant et arri\u00e8re qui se fixent avec du Velcro, des pads de cadre en mousse pour le haut et les c\u00f4t\u00e9s, des pads pour couvrir les espacements, des bungees et des Zip-Ties.\r\n\r\n&nbsp;\r\n\r\n<strong>Notre configuration d\u2019\u00e9cran de simulateur de golf Ultra-Premium en 2 pi\u00e8ces comprend\u00a0:<\/strong>\r\n\r\n&nbsp;\r\n<ul>\r\n \t<li>3 Pads d\u2019espacements (haut et deux c\u00f4t\u00e9s)<\/li>\r\n \t<li>3 Pads de protection en mousse (haut et deux c\u00f4t\u00e9s)<\/li>\r\n \t<li>Cordon de choc<\/li>\r\n \t<li>Bungees et Zip-Ties<\/li>\r\n \t<li>Con\u00e7u sur mesure et fabriqu\u00e9 selon les mesures de votre pi\u00e8ce<\/li>\r\n \t<li>Image haute d\u00e9finition<\/li>\r\n \t<li>Rebond minimal<\/li>\r\n \t<li>\u0152illets tous les 12&Prime; sur l\u2019\u00e9cran arri\u00e8re<\/li>\r\n \t<li>Sleeve inf\u00e9rieure pour cordon de choc (cordon de choc inclus) sur l\u2019\u00e9cran arri\u00e8re<\/li>\r\n \t<li>Bruit d&rsquo;impact minimal<\/li>\r\n \t<li>Velcro tr\u00e8s r\u00e9sistant sur les c\u00f4t\u00e9s et sur le dessus.<\/li>\r\n \t<li>Test\u00e9 pour des vitesses de balle de 200 MPH+<\/li>\r\n<\/ul>","protected":false},"featured_media":1625,"template":"","meta":{"_acf_changed":false,"footnotes":""},"product_brand":[],"product_cat":[32],"product_tag":[],"class_list":{"0":"post-1626","1":"product","2":"type-product","3":"status-publish","4":"has-post-thumbnail","6":"product_cat-golf-simulator-accessories-fr","8":"first","9":"instock","10":"taxable","11":"shipping-taxable","12":"purchasable","13":"product-type-simple"},"acf":[],"yoast_head":"<!-- This site is optimized with the Yoast SEO plugin v27.4 - https:\/\/yoast.com\/product\/yoast-seo-wordpress\/ -->\n<title>\u00c9cran Ultra-Premium - Your Swing Golf<\/title>\n<meta name=\"robots\" content=\"index, follow, max-snippet:-1, max-image-preview:large, max-video-preview:-1\" \/>\n<link rel=\"canonical\" href=\"https:\/\/yourswing.golf\/fr\/product\/ultra-premium-screen\/\" \/>\n<meta property=\"og:locale\" content=\"fr_FR\" \/>\n<meta property=\"og:type\" content=\"article\" \/>\n<meta property=\"og:title\" content=\"\u00c9cran Ultra-Premium - Your Swing Golf\" \/>\n<meta property=\"og:description\" content=\"D\u00e9couvrez notre syst\u00e8me d&#039;\u00e9cran d&#039;impact de golf sur mesure Ultra-Premium avec deux toiles.  &nbsp;  L&#039;\u00e9cran de simulateur de golf le plus silencieux du march\u00e9, notre syst\u00e8me d&#039;\u00e9cran 2 toiles comprend un \u00e9cran avant et arri\u00e8re qui se fixent avec du Velcro, des pads de cadre en mousse pour le haut et les c\u00f4t\u00e9s, des pads pour couvrir les espacements, des bungees et des Zip-Ties.  &nbsp;  Notre configuration d\u2019\u00e9cran de simulateur de golf Ultra-Premium en 2 pi\u00e8ces comprend\u00a0:  &nbsp;   3 Pads d\u2019espacements (haut et deux c\u00f4t\u00e9s)  3 Pads de protection en mousse (haut et deux c\u00f4t\u00e9s)  Cordon de choc  Bungees et Zip-Ties  Con\u00e7u sur mesure et fabriqu\u00e9 selon les mesures de votre pi\u00e8ce  Image haute d\u00e9finition  Rebond minimal  \u0152illets tous les 12&quot; sur l\u2019\u00e9cran arri\u00e8re  Sleeve inf\u00e9rieure pour cordon de choc (cordon de choc inclus) sur l\u2019\u00e9cran arri\u00e8re  Bruit d&#039;impact minimal  Velcro tr\u00e8s r\u00e9sistant sur les c\u00f4t\u00e9s et sur le dessus.  Test\u00e9 pour des vitesses de balle de 200 MPH+\" \/>\n<meta property=\"og:url\" content=\"https:\/\/yourswing.golf\/fr\/product\/ultra-premium-screen\/\" \/>\n<meta property=\"og:site_name\" content=\"Your Swing Golf\" \/>\n<meta property=\"article:publisher\" content=\"https:\/\/www.facebook.com\/YourSwingGolf-101751728392224\" \/>\n<meta property=\"article:modified_time\" content=\"2024-06-05T18:49:52+00:00\" \/>\n<meta property=\"og:image\" content=\"https:\/\/yourswing.golf\/wp-content\/uploads\/2024\/05\/image002.png\" \/>\n\t<meta property=\"og:image:width\" content=\"1334\" \/>\n\t<meta property=\"og:image:height\" content=\"882\" \/>\n\t<meta property=\"og:image:type\" content=\"image\/png\" \/>\n<meta name=\"twitter:card\" content=\"summary_large_image\" \/>\n<meta name=\"twitter:label1\" content=\"Dur\u00e9e de lecture estim\u00e9e\" \/>\n\t<meta name=\"twitter:data1\" content=\"1 minute\" \/>\n<script type=\"application\/ld+json\" class=\"yoast-schema-graph\">{\"@context\":\"https:\\\/\\\/schema.org\",\"@graph\":[{\"@type\":\"WebPage\",\"@id\":\"https:\\\/\\\/yourswing.golf\\\/fr\\\/product\\\/ultra-premium-screen\\\/\",\"url\":\"https:\\\/\\\/yourswing.golf\\\/fr\\\/product\\\/ultra-premium-screen\\\/\",\"name\":\"\u00c9cran Ultra-Premium - Your Swing Golf\",\"isPartOf\":{\"@id\":\"https:\\\/\\\/yourswing.golf\\\/#website\"},\"primaryImageOfPage\":{\"@id\":\"https:\\\/\\\/yourswing.golf\\\/fr\\\/product\\\/ultra-premium-screen\\\/#primaryimage\"},\"image\":{\"@id\":\"https:\\\/\\\/yourswing.golf\\\/fr\\\/product\\\/ultra-premium-screen\\\/#primaryimage\"},\"thumbnailUrl\":\"https:\\\/\\\/yourswing.golf\\\/wp-content\\\/uploads\\\/2024\\\/05\\\/image002.png\",\"datePublished\":\"2024-05-31T21:03:27+00:00\",\"dateModified\":\"2024-06-05T18:49:52+00:00\",\"breadcrumb\":{\"@id\":\"https:\\\/\\\/yourswing.golf\\\/fr\\\/product\\\/ultra-premium-screen\\\/#breadcrumb\"},\"inLanguage\":\"fr-FR\",\"potentialAction\":[{\"@type\":\"ReadAction\",\"target\":[\"https:\\\/\\\/yourswing.golf\\\/fr\\\/product\\\/ultra-premium-screen\\\/\"]}]},{\"@type\":\"ImageObject\",\"inLanguage\":\"fr-FR\",\"@id\":\"https:\\\/\\\/yourswing.golf\\\/fr\\\/product\\\/ultra-premium-screen\\\/#primaryimage\",\"url\":\"https:\\\/\\\/yourswing.golf\\\/wp-content\\\/uploads\\\/2024\\\/05\\\/image002.png\",\"contentUrl\":\"https:\\\/\\\/yourswing.golf\\\/wp-content\\\/uploads\\\/2024\\\/05\\\/image002.png\",\"width\":1334,\"height\":882},{\"@type\":\"BreadcrumbList\",\"@id\":\"https:\\\/\\\/yourswing.golf\\\/fr\\\/product\\\/ultra-premium-screen\\\/#breadcrumb\",\"itemListElement\":[{\"@type\":\"ListItem\",\"position\":1,\"name\":\"Home\",\"item\":\"https:\\\/\\\/yourswing.golf\\\/fr\\\/domicile\\\/\"},{\"@type\":\"ListItem\",\"position\":2,\"name\":\"Acheter\",\"item\":\"https:\\\/\\\/yourswing.golf\\\/fr\\\/acheter\\\/\"},{\"@type\":\"ListItem\",\"position\":3,\"name\":\"\u00c9cran Ultra-Premium\"}]},{\"@type\":\"WebSite\",\"@id\":\"https:\\\/\\\/yourswing.golf\\\/#website\",\"url\":\"https:\\\/\\\/yourswing.golf\\\/\",\"name\":\"Your Swing Golf\",\"description\":\"Authorized dealer of launch monitors &amp; golf simulation equipment across Canada\",\"publisher\":{\"@id\":\"https:\\\/\\\/yourswing.golf\\\/#organization\"},\"potentialAction\":[{\"@type\":\"SearchAction\",\"target\":{\"@type\":\"EntryPoint\",\"urlTemplate\":\"https:\\\/\\\/yourswing.golf\\\/?s={search_term_string}\"},\"query-input\":{\"@type\":\"PropertyValueSpecification\",\"valueRequired\":true,\"valueName\":\"search_term_string\"}}],\"inLanguage\":\"fr-FR\"},{\"@type\":\"Organization\",\"@id\":\"https:\\\/\\\/yourswing.golf\\\/#organization\",\"name\":\"Your Swing Golf\",\"url\":\"https:\\\/\\\/yourswing.golf\\\/\",\"logo\":{\"@type\":\"ImageObject\",\"inLanguage\":\"fr-FR\",\"@id\":\"https:\\\/\\\/yourswing.golf\\\/#\\\/schema\\\/logo\\\/image\\\/\",\"url\":\"https:\\\/\\\/yourswing.golf\\\/wp-content\\\/uploads\\\/2022\\\/03\\\/your-swing-logo.png\",\"contentUrl\":\"https:\\\/\\\/yourswing.golf\\\/wp-content\\\/uploads\\\/2022\\\/03\\\/your-swing-logo.png\",\"width\":201,\"height\":63,\"caption\":\"Your Swing Golf\"},\"image\":{\"@id\":\"https:\\\/\\\/yourswing.golf\\\/#\\\/schema\\\/logo\\\/image\\\/\"},\"sameAs\":[\"https:\\\/\\\/www.facebook.com\\\/YourSwingGolf-101751728392224\"]}]}<\/script>\n<!-- \/ Yoast SEO plugin. -->","yoast_head_json":{"title":"\u00c9cran Ultra-Premium - Your Swing Golf","robots":{"index":"index","follow":"follow","max-snippet":"max-snippet:-1","max-image-preview":"max-image-preview:large","max-video-preview":"max-video-preview:-1"},"canonical":"https:\/\/yourswing.golf\/fr\/product\/ultra-premium-screen\/","og_locale":"fr_FR","og_type":"article","og_title":"\u00c9cran Ultra-Premium - Your Swing Golf","og_description":"D\u00e9couvrez notre syst\u00e8me d'\u00e9cran d'impact de golf sur mesure Ultra-Premium avec deux toiles.  &nbsp;  L'\u00e9cran de simulateur de golf le plus silencieux du march\u00e9, notre syst\u00e8me d'\u00e9cran 2 toiles comprend un \u00e9cran avant et arri\u00e8re qui se fixent avec du Velcro, des pads de cadre en mousse pour le haut et les c\u00f4t\u00e9s, des pads pour couvrir les espacements, des bungees et des Zip-Ties.  &nbsp;  Notre configuration d\u2019\u00e9cran de simulateur de golf Ultra-Premium en 2 pi\u00e8ces comprend\u00a0:  &nbsp;   3 Pads d\u2019espacements (haut et deux c\u00f4t\u00e9s)  3 Pads de protection en mousse (haut et deux c\u00f4t\u00e9s)  Cordon de choc  Bungees et Zip-Ties  Con\u00e7u sur mesure et fabriqu\u00e9 selon les mesures de votre pi\u00e8ce  Image haute d\u00e9finition  Rebond minimal  \u0152illets tous les 12\" sur l\u2019\u00e9cran arri\u00e8re  Sleeve inf\u00e9rieure pour cordon de choc (cordon de choc inclus) sur l\u2019\u00e9cran arri\u00e8re  Bruit d'impact minimal  Velcro tr\u00e8s r\u00e9sistant sur les c\u00f4t\u00e9s et sur le dessus.  Test\u00e9 pour des vitesses de balle de 200 MPH+","og_url":"https:\/\/yourswing.golf\/fr\/product\/ultra-premium-screen\/","og_site_name":"Your Swing Golf","article_publisher":"https:\/\/www.facebook.com\/YourSwingGolf-101751728392224","article_modified_time":"2024-06-05T18:49:52+00:00","og_image":[{"width":1334,"height":882,"url":"https:\/\/yourswing.golf\/wp-content\/uploads\/2024\/05\/image002.png","type":"image\/png"}],"twitter_card":"summary_large_image","twitter_misc":{"Dur\u00e9e de lecture estim\u00e9e":"1 minute"},"schema":{"@context":"https:\/\/schema.org","@graph":[{"@type":"WebPage","@id":"https:\/\/yourswing.golf\/fr\/product\/ultra-premium-screen\/","url":"https:\/\/yourswing.golf\/fr\/product\/ultra-premium-screen\/","name":"\u00c9cran Ultra-Premium - Your Swing Golf","isPartOf":{"@id":"https:\/\/yourswing.golf\/#website"},"primaryImageOfPage":{"@id":"https:\/\/yourswing.golf\/fr\/product\/ultra-premium-screen\/#primaryimage"},"image":{"@id":"https:\/\/yourswing.golf\/fr\/product\/ultra-premium-screen\/#primaryimage"},"thumbnailUrl":"https:\/\/yourswing.golf\/wp-content\/uploads\/2024\/05\/image002.png","datePublished":"2024-05-31T21:03:27+00:00","dateModified":"2024-06-05T18:49:52+00:00","breadcrumb":{"@id":"https:\/\/yourswing.golf\/fr\/product\/ultra-premium-screen\/#breadcrumb"},"inLanguage":"fr-FR","potentialAction":[{"@type":"ReadAction","target":["https:\/\/yourswing.golf\/fr\/product\/ultra-premium-screen\/"]}]},{"@type":"ImageObject","inLanguage":"fr-FR","@id":"https:\/\/yourswing.golf\/fr\/product\/ultra-premium-screen\/#primaryimage","url":"https:\/\/yourswing.golf\/wp-content\/uploads\/2024\/05\/image002.png","contentUrl":"https:\/\/yourswing.golf\/wp-content\/uploads\/2024\/05\/image002.png","width":1334,"height":882},{"@type":"BreadcrumbList","@id":"https:\/\/yourswing.golf\/fr\/product\/ultra-premium-screen\/#breadcrumb","itemListElement":[{"@type":"ListItem","position":1,"name":"Home","item":"https:\/\/yourswing.golf\/fr\/domicile\/"},{"@type":"ListItem","position":2,"name":"Acheter","item":"https:\/\/yourswing.golf\/fr\/acheter\/"},{"@type":"ListItem","position":3,"name":"\u00c9cran Ultra-Premium"}]},{"@type":"WebSite","@id":"https:\/\/yourswing.golf\/#website","url":"https:\/\/yourswing.golf\/","name":"Your Swing Golf","description":"Authorized dealer of launch monitors &amp; golf simulation equipment across Canada","publisher":{"@id":"https:\/\/yourswing.golf\/#organization"},"potentialAction":[{"@type":"SearchAction","target":{"@type":"EntryPoint","urlTemplate":"https:\/\/yourswing.golf\/?s={search_term_string}"},"query-input":{"@type":"PropertyValueSpecification","valueRequired":true,"valueName":"search_term_string"}}],"inLanguage":"fr-FR"},{"@type":"Organization","@id":"https:\/\/yourswing.golf\/#organization","name":"Your Swing Golf","url":"https:\/\/yourswing.golf\/","logo":{"@type":"ImageObject","inLanguage":"fr-FR","@id":"https:\/\/yourswing.golf\/#\/schema\/logo\/image\/","url":"https:\/\/yourswing.golf\/wp-content\/uploads\/2022\/03\/your-swing-logo.png","contentUrl":"https:\/\/yourswing.golf\/wp-content\/uploads\/2022\/03\/your-swing-logo.png","width":201,"height":63,"caption":"Your Swing Golf"},"image":{"@id":"https:\/\/yourswing.golf\/#\/schema\/logo\/image\/"},"sameAs":["https:\/\/www.facebook.com\/YourSwingGolf-101751728392224"]}]}},"_links":{"self":[{"href":"https:\/\/yourswing.golf\/fr\/wp-json\/wp\/v2\/product\/1626","targetHints":{"allow":["GET"]}}],"collection":[{"href":"https:\/\/yourswing.golf\/fr\/wp-json\/wp\/v2\/product"}],"about":[{"href":"https:\/\/yourswing.golf\/fr\/wp-json\/wp\/v2\/types\/product"}],"version-history":[{"count":3,"href":"https:\/\/yourswing.golf\/fr\/wp-json\/wp\/v2\/product\/1626\/revisions"}],"predecessor-version":[{"id":1637,"href":"https:\/\/yourswing.golf\/fr\/wp-json\/wp\/v2\/product\/1626\/revisions\/1637"}],"wp:featuredmedia":[{"embeddable":true,"href":"https:\/\/yourswing.golf\/fr\/wp-json\/wp\/v2\/media\/1625"}],"wp:attachment":[{"href":"https:\/\/yourswing.golf\/fr\/wp-json\/wp\/v2\/media?parent=1626"}],"wp:term":[{"taxonomy":"product_brand","embeddable":true,"href":"https:\/\/yourswing.golf\/fr\/wp-json\/wp\/v2\/product_brand?post=1626"},{"taxonomy":"product_cat","embeddable":true,"href":"https:\/\/yourswing.golf\/fr\/wp-json\/wp\/v2\/product_cat?post=1626"},{"taxonomy":"product_tag","embeddable":true,"href":"https:\/\/yourswing.golf\/fr\/wp-json\/wp\/v2\/product_tag?post=1626"}],"curies":[{"name":"wp","href":"https:\/\/api.w.org\/{rel}","templated":true}]}}