{"id":1651,"date":"2024-05-24T22:24:13","date_gmt":"2024-05-25T05:24:13","guid":{"rendered":"https:\/\/yourswing.golf\/product\/np50\/"},"modified":"2024-07-23T14:22:46","modified_gmt":"2024-07-23T21:22:46","slug":"np50","status":"publish","type":"product","link":"https:\/\/yourswing.golf\/fr\/product\/np50\/","title":{"rendered":"NP50"},"content":{"rendered":"","protected":false},"excerpt":{"rendered":"Le NP50 est la meilleure surface de putting en nylon textur\u00e9 disponible dans l&rsquo;industrie. Il n\u2019y a aucune comparaison avec le roulement naturel de la balle et les vitesses r\u00e9alistes. La cl\u00e9 des caract\u00e9ristiques de performance in\u00e9gal\u00e9es offertes par le NP50 est attribu\u00e9e \u00e0 la construction dense et non directionnelle aux points de croix. Cette surface de putting synth\u00e9tique est pr\u00e9f\u00e9r\u00e9e par de nombreux professionnels de l&rsquo;enseignement, les installations de golf les mieux not\u00e9es, les joueurs du circuit et les golfeurs passionn\u00e9s. Si vous recherchez une surface de gazon synth\u00e9tique de la plus haute qualit\u00e9 sur le march\u00e9, alors vous souhaitez choisir le NP50. Vient en 15&prime; de large, simplement s\u00e9lectionner la longueur d\u00e9sir\u00e9e.\r\n\r\n(Canada uniquement, les clients am\u00e9ricains doivent demander un prix)","protected":false},"featured_media":1541,"template":"","meta":{"_acf_changed":false,"footnotes":""},"product_brand":[],"product_cat":[27],"product_tag":[],"class_list":{"0":"post-1651","1":"product","2":"type-product","3":"status-publish","4":"has-post-thumbnail","6":"product_cat-golf-simulator-turf-fr","8":"first","9":"instock","10":"taxable","11":"shipping-taxable","12":"purchasable","13":"product-type-simple"},"acf":[],"yoast_head":"<!-- This site is optimized with the Yoast SEO plugin v27.4 - https:\/\/yoast.com\/product\/yoast-seo-wordpress\/ -->\n<title>NP50 - Your Swing Golf<\/title>\n<meta name=\"robots\" content=\"index, follow, max-snippet:-1, max-image-preview:large, max-video-preview:-1\" \/>\n<link rel=\"canonical\" href=\"https:\/\/yourswing.golf\/fr\/product\/np50\/\" \/>\n<meta property=\"og:locale\" content=\"fr_FR\" \/>\n<meta property=\"og:type\" content=\"article\" \/>\n<meta property=\"og:title\" content=\"NP50 - Your Swing Golf\" \/>\n<meta property=\"og:description\" content=\"Le NP50 est la meilleure surface de putting en nylon textur\u00e9 disponible dans l&#039;industrie. Il n\u2019y a aucune comparaison avec le roulement naturel de la balle et les vitesses r\u00e9alistes. La cl\u00e9 des caract\u00e9ristiques de performance in\u00e9gal\u00e9es offertes par le NP50 est attribu\u00e9e \u00e0 la construction dense et non directionnelle aux points de croix. Cette surface de putting synth\u00e9tique est pr\u00e9f\u00e9r\u00e9e par de nombreux professionnels de l&#039;enseignement, les installations de golf les mieux not\u00e9es, les joueurs du circuit et les golfeurs passionn\u00e9s. Si vous recherchez une surface de gazon synth\u00e9tique de la plus haute qualit\u00e9 sur le march\u00e9, alors vous souhaitez choisir le NP50. Vient en 15&#039; de large, simplement s\u00e9lectionner la longueur d\u00e9sir\u00e9e.  (Canada uniquement, les clients am\u00e9ricains doivent demander un prix)\" \/>\n<meta property=\"og:url\" content=\"https:\/\/yourswing.golf\/fr\/product\/np50\/\" \/>\n<meta property=\"og:site_name\" content=\"Your Swing Golf\" \/>\n<meta property=\"article:publisher\" content=\"https:\/\/www.facebook.com\/YourSwingGolf-101751728392224\" \/>\n<meta property=\"article:modified_time\" content=\"2024-07-23T21:22:46+00:00\" \/>\n<meta property=\"og:image\" content=\"https:\/\/yourswing.golf\/wp-content\/uploads\/2024\/05\/np50-600x252-2.png\" \/>\n\t<meta property=\"og:image:width\" content=\"600\" \/>\n\t<meta property=\"og:image:height\" content=\"252\" \/>\n\t<meta property=\"og:image:type\" content=\"image\/png\" \/>\n<meta name=\"twitter:card\" content=\"summary_large_image\" \/>\n<meta name=\"twitter:label1\" content=\"Dur\u00e9e de lecture estim\u00e9e\" \/>\n\t<meta name=\"twitter:data1\" content=\"1 minute\" \/>\n<script type=\"application\/ld+json\" class=\"yoast-schema-graph\">{\"@context\":\"https:\\\/\\\/schema.org\",\"@graph\":[{\"@type\":\"WebPage\",\"@id\":\"https:\\\/\\\/yourswing.golf\\\/fr\\\/product\\\/np50\\\/\",\"url\":\"https:\\\/\\\/yourswing.golf\\\/fr\\\/product\\\/np50\\\/\",\"name\":\"NP50 - Your Swing Golf\",\"isPartOf\":{\"@id\":\"https:\\\/\\\/yourswing.golf\\\/#website\"},\"primaryImageOfPage\":{\"@id\":\"https:\\\/\\\/yourswing.golf\\\/fr\\\/product\\\/np50\\\/#primaryimage\"},\"image\":{\"@id\":\"https:\\\/\\\/yourswing.golf\\\/fr\\\/product\\\/np50\\\/#primaryimage\"},\"thumbnailUrl\":\"https:\\\/\\\/yourswing.golf\\\/wp-content\\\/uploads\\\/2024\\\/05\\\/np50-600x252-2.png\",\"datePublished\":\"2024-05-25T05:24:13+00:00\",\"dateModified\":\"2024-07-23T21:22:46+00:00\",\"breadcrumb\":{\"@id\":\"https:\\\/\\\/yourswing.golf\\\/fr\\\/product\\\/np50\\\/#breadcrumb\"},\"inLanguage\":\"fr-FR\",\"potentialAction\":[{\"@type\":\"ReadAction\",\"target\":[\"https:\\\/\\\/yourswing.golf\\\/fr\\\/product\\\/np50\\\/\"]}]},{\"@type\":\"ImageObject\",\"inLanguage\":\"fr-FR\",\"@id\":\"https:\\\/\\\/yourswing.golf\\\/fr\\\/product\\\/np50\\\/#primaryimage\",\"url\":\"https:\\\/\\\/yourswing.golf\\\/wp-content\\\/uploads\\\/2024\\\/05\\\/np50-600x252-2.png\",\"contentUrl\":\"https:\\\/\\\/yourswing.golf\\\/wp-content\\\/uploads\\\/2024\\\/05\\\/np50-600x252-2.png\",\"width\":600,\"height\":252},{\"@type\":\"BreadcrumbList\",\"@id\":\"https:\\\/\\\/yourswing.golf\\\/fr\\\/product\\\/np50\\\/#breadcrumb\",\"itemListElement\":[{\"@type\":\"ListItem\",\"position\":1,\"name\":\"Home\",\"item\":\"https:\\\/\\\/yourswing.golf\\\/fr\\\/domicile\\\/\"},{\"@type\":\"ListItem\",\"position\":2,\"name\":\"Acheter\",\"item\":\"https:\\\/\\\/yourswing.golf\\\/fr\\\/acheter\\\/\"},{\"@type\":\"ListItem\",\"position\":3,\"name\":\"NP50\"}]},{\"@type\":\"WebSite\",\"@id\":\"https:\\\/\\\/yourswing.golf\\\/#website\",\"url\":\"https:\\\/\\\/yourswing.golf\\\/\",\"name\":\"Your Swing Golf\",\"description\":\"Authorized dealer of launch monitors &amp; golf simulation equipment across Canada\",\"publisher\":{\"@id\":\"https:\\\/\\\/yourswing.golf\\\/#organization\"},\"potentialAction\":[{\"@type\":\"SearchAction\",\"target\":{\"@type\":\"EntryPoint\",\"urlTemplate\":\"https:\\\/\\\/yourswing.golf\\\/?s={search_term_string}\"},\"query-input\":{\"@type\":\"PropertyValueSpecification\",\"valueRequired\":true,\"valueName\":\"search_term_string\"}}],\"inLanguage\":\"fr-FR\"},{\"@type\":\"Organization\",\"@id\":\"https:\\\/\\\/yourswing.golf\\\/#organization\",\"name\":\"Your Swing Golf\",\"url\":\"https:\\\/\\\/yourswing.golf\\\/\",\"logo\":{\"@type\":\"ImageObject\",\"inLanguage\":\"fr-FR\",\"@id\":\"https:\\\/\\\/yourswing.golf\\\/#\\\/schema\\\/logo\\\/image\\\/\",\"url\":\"https:\\\/\\\/yourswing.golf\\\/wp-content\\\/uploads\\\/2022\\\/03\\\/your-swing-logo.png\",\"contentUrl\":\"https:\\\/\\\/yourswing.golf\\\/wp-content\\\/uploads\\\/2022\\\/03\\\/your-swing-logo.png\",\"width\":201,\"height\":63,\"caption\":\"Your Swing Golf\"},\"image\":{\"@id\":\"https:\\\/\\\/yourswing.golf\\\/#\\\/schema\\\/logo\\\/image\\\/\"},\"sameAs\":[\"https:\\\/\\\/www.facebook.com\\\/YourSwingGolf-101751728392224\"]}]}<\/script>\n<!-- \/ Yoast SEO plugin. -->","yoast_head_json":{"title":"NP50 - Your Swing Golf","robots":{"index":"index","follow":"follow","max-snippet":"max-snippet:-1","max-image-preview":"max-image-preview:large","max-video-preview":"max-video-preview:-1"},"canonical":"https:\/\/yourswing.golf\/fr\/product\/np50\/","og_locale":"fr_FR","og_type":"article","og_title":"NP50 - Your Swing Golf","og_description":"Le NP50 est la meilleure surface de putting en nylon textur\u00e9 disponible dans l'industrie. Il n\u2019y a aucune comparaison avec le roulement naturel de la balle et les vitesses r\u00e9alistes. La cl\u00e9 des caract\u00e9ristiques de performance in\u00e9gal\u00e9es offertes par le NP50 est attribu\u00e9e \u00e0 la construction dense et non directionnelle aux points de croix. Cette surface de putting synth\u00e9tique est pr\u00e9f\u00e9r\u00e9e par de nombreux professionnels de l'enseignement, les installations de golf les mieux not\u00e9es, les joueurs du circuit et les golfeurs passionn\u00e9s. Si vous recherchez une surface de gazon synth\u00e9tique de la plus haute qualit\u00e9 sur le march\u00e9, alors vous souhaitez choisir le NP50. Vient en 15' de large, simplement s\u00e9lectionner la longueur d\u00e9sir\u00e9e.  (Canada uniquement, les clients am\u00e9ricains doivent demander un prix)","og_url":"https:\/\/yourswing.golf\/fr\/product\/np50\/","og_site_name":"Your Swing Golf","article_publisher":"https:\/\/www.facebook.com\/YourSwingGolf-101751728392224","article_modified_time":"2024-07-23T21:22:46+00:00","og_image":[{"width":600,"height":252,"url":"https:\/\/yourswing.golf\/wp-content\/uploads\/2024\/05\/np50-600x252-2.png","type":"image\/png"}],"twitter_card":"summary_large_image","twitter_misc":{"Dur\u00e9e de lecture estim\u00e9e":"1 minute"},"schema":{"@context":"https:\/\/schema.org","@graph":[{"@type":"WebPage","@id":"https:\/\/yourswing.golf\/fr\/product\/np50\/","url":"https:\/\/yourswing.golf\/fr\/product\/np50\/","name":"NP50 - Your Swing Golf","isPartOf":{"@id":"https:\/\/yourswing.golf\/#website"},"primaryImageOfPage":{"@id":"https:\/\/yourswing.golf\/fr\/product\/np50\/#primaryimage"},"image":{"@id":"https:\/\/yourswing.golf\/fr\/product\/np50\/#primaryimage"},"thumbnailUrl":"https:\/\/yourswing.golf\/wp-content\/uploads\/2024\/05\/np50-600x252-2.png","datePublished":"2024-05-25T05:24:13+00:00","dateModified":"2024-07-23T21:22:46+00:00","breadcrumb":{"@id":"https:\/\/yourswing.golf\/fr\/product\/np50\/#breadcrumb"},"inLanguage":"fr-FR","potentialAction":[{"@type":"ReadAction","target":["https:\/\/yourswing.golf\/fr\/product\/np50\/"]}]},{"@type":"ImageObject","inLanguage":"fr-FR","@id":"https:\/\/yourswing.golf\/fr\/product\/np50\/#primaryimage","url":"https:\/\/yourswing.golf\/wp-content\/uploads\/2024\/05\/np50-600x252-2.png","contentUrl":"https:\/\/yourswing.golf\/wp-content\/uploads\/2024\/05\/np50-600x252-2.png","width":600,"height":252},{"@type":"BreadcrumbList","@id":"https:\/\/yourswing.golf\/fr\/product\/np50\/#breadcrumb","itemListElement":[{"@type":"ListItem","position":1,"name":"Home","item":"https:\/\/yourswing.golf\/fr\/domicile\/"},{"@type":"ListItem","position":2,"name":"Acheter","item":"https:\/\/yourswing.golf\/fr\/acheter\/"},{"@type":"ListItem","position":3,"name":"NP50"}]},{"@type":"WebSite","@id":"https:\/\/yourswing.golf\/#website","url":"https:\/\/yourswing.golf\/","name":"Your Swing Golf","description":"Authorized dealer of launch monitors &amp; golf simulation equipment across Canada","publisher":{"@id":"https:\/\/yourswing.golf\/#organization"},"potentialAction":[{"@type":"SearchAction","target":{"@type":"EntryPoint","urlTemplate":"https:\/\/yourswing.golf\/?s={search_term_string}"},"query-input":{"@type":"PropertyValueSpecification","valueRequired":true,"valueName":"search_term_string"}}],"inLanguage":"fr-FR"},{"@type":"Organization","@id":"https:\/\/yourswing.golf\/#organization","name":"Your Swing Golf","url":"https:\/\/yourswing.golf\/","logo":{"@type":"ImageObject","inLanguage":"fr-FR","@id":"https:\/\/yourswing.golf\/#\/schema\/logo\/image\/","url":"https:\/\/yourswing.golf\/wp-content\/uploads\/2022\/03\/your-swing-logo.png","contentUrl":"https:\/\/yourswing.golf\/wp-content\/uploads\/2022\/03\/your-swing-logo.png","width":201,"height":63,"caption":"Your Swing Golf"},"image":{"@id":"https:\/\/yourswing.golf\/#\/schema\/logo\/image\/"},"sameAs":["https:\/\/www.facebook.com\/YourSwingGolf-101751728392224"]}]}},"_links":{"self":[{"href":"https:\/\/yourswing.golf\/fr\/wp-json\/wp\/v2\/product\/1651","targetHints":{"allow":["GET"]}}],"collection":[{"href":"https:\/\/yourswing.golf\/fr\/wp-json\/wp\/v2\/product"}],"about":[{"href":"https:\/\/yourswing.golf\/fr\/wp-json\/wp\/v2\/types\/product"}],"version-history":[{"count":4,"href":"https:\/\/yourswing.golf\/fr\/wp-json\/wp\/v2\/product\/1651\/revisions"}],"predecessor-version":[{"id":1862,"href":"https:\/\/yourswing.golf\/fr\/wp-json\/wp\/v2\/product\/1651\/revisions\/1862"}],"wp:featuredmedia":[{"embeddable":true,"href":"https:\/\/yourswing.golf\/fr\/wp-json\/wp\/v2\/media\/1541"}],"wp:attachment":[{"href":"https:\/\/yourswing.golf\/fr\/wp-json\/wp\/v2\/media?parent=1651"}],"wp:term":[{"taxonomy":"product_brand","embeddable":true,"href":"https:\/\/yourswing.golf\/fr\/wp-json\/wp\/v2\/product_brand?post=1651"},{"taxonomy":"product_cat","embeddable":true,"href":"https:\/\/yourswing.golf\/fr\/wp-json\/wp\/v2\/product_cat?post=1651"},{"taxonomy":"product_tag","embeddable":true,"href":"https:\/\/yourswing.golf\/fr\/wp-json\/wp\/v2\/product_tag?post=1651"}],"curies":[{"name":"wp","href":"https:\/\/api.w.org\/{rel}","templated":true}]}}