{"id":1653,"date":"2024-05-24T15:43:36","date_gmt":"2024-05-24T22:43:36","guid":{"rendered":"https:\/\/yourswing.golf\/product\/np45-green\/"},"modified":"2024-07-23T14:05:30","modified_gmt":"2024-07-23T21:05:30","slug":"np45-green","status":"publish","type":"product","link":"https:\/\/yourswing.golf\/fr\/product\/np45-green\/","title":{"rendered":"NP45 Green"},"content":{"rendered":"","protected":false},"excerpt":{"rendered":"Le NP45 est l\u2019une des meilleures surfaces de putting en nylon textur\u00e9 du march\u00e9. Juste derri\u00e8re ses homologues de qualit\u00e9 sup\u00e9rieure, NP50 et NP55, ce produit offre un roulement naturel et des vitesses r\u00e9alistes pour une v\u00e9ritable exp\u00e9rience de putting. Vient en 15&prime; de large simplement entrer la longueur d\u00e9sir\u00e9e.\r\n\r\n(Canada uniquement, les clients am\u00e9ricains doivent demander un prix)","protected":false},"featured_media":1538,"template":"","meta":{"_acf_changed":false,"footnotes":""},"product_brand":[],"product_cat":[27],"product_tag":[],"class_list":{"0":"post-1653","1":"product","2":"type-product","3":"status-publish","4":"has-post-thumbnail","6":"product_cat-golf-simulator-turf-fr","8":"first","9":"instock","10":"taxable","11":"shipping-taxable","12":"purchasable","13":"product-type-simple"},"acf":[],"yoast_head":"<!-- This site is optimized with the Yoast SEO plugin v27.4 - https:\/\/yoast.com\/product\/yoast-seo-wordpress\/ -->\n<title>NP45 Green - Your Swing Golf<\/title>\n<meta name=\"robots\" content=\"index, follow, max-snippet:-1, max-image-preview:large, max-video-preview:-1\" \/>\n<link rel=\"canonical\" href=\"https:\/\/yourswing.golf\/fr\/product\/np45-green\/\" \/>\n<meta property=\"og:locale\" content=\"fr_FR\" \/>\n<meta property=\"og:type\" content=\"article\" \/>\n<meta property=\"og:title\" content=\"NP45 Green - Your Swing Golf\" \/>\n<meta property=\"og:description\" content=\"Le NP45 est l\u2019une des meilleures surfaces de putting en nylon textur\u00e9 du march\u00e9. Juste derri\u00e8re ses homologues de qualit\u00e9 sup\u00e9rieure, NP50 et NP55, ce produit offre un roulement naturel et des vitesses r\u00e9alistes pour une v\u00e9ritable exp\u00e9rience de putting. Vient en 15&#039; de large simplement entrer la longueur d\u00e9sir\u00e9e.  (Canada uniquement, les clients am\u00e9ricains doivent demander un prix)\" \/>\n<meta property=\"og:url\" content=\"https:\/\/yourswing.golf\/fr\/product\/np45-green\/\" \/>\n<meta property=\"og:site_name\" content=\"Your Swing Golf\" \/>\n<meta property=\"article:publisher\" content=\"https:\/\/www.facebook.com\/YourSwingGolf-101751728392224\" \/>\n<meta property=\"article:modified_time\" content=\"2024-07-23T21:05:30+00:00\" \/>\n<meta property=\"og:image\" content=\"https:\/\/yourswing.golf\/wp-content\/uploads\/2024\/05\/NP45-Green-1.png\" \/>\n\t<meta property=\"og:image:width\" content=\"856\" \/>\n\t<meta property=\"og:image:height\" content=\"359\" \/>\n\t<meta property=\"og:image:type\" content=\"image\/png\" \/>\n<meta name=\"twitter:card\" content=\"summary_large_image\" \/>\n<meta name=\"twitter:label1\" content=\"Dur\u00e9e de lecture estim\u00e9e\" \/>\n\t<meta name=\"twitter:data1\" content=\"1 minute\" \/>\n<script type=\"application\/ld+json\" class=\"yoast-schema-graph\">{\"@context\":\"https:\\\/\\\/schema.org\",\"@graph\":[{\"@type\":\"WebPage\",\"@id\":\"https:\\\/\\\/yourswing.golf\\\/fr\\\/product\\\/np45-green\\\/\",\"url\":\"https:\\\/\\\/yourswing.golf\\\/fr\\\/product\\\/np45-green\\\/\",\"name\":\"NP45 Green - Your Swing Golf\",\"isPartOf\":{\"@id\":\"https:\\\/\\\/yourswing.golf\\\/#website\"},\"primaryImageOfPage\":{\"@id\":\"https:\\\/\\\/yourswing.golf\\\/fr\\\/product\\\/np45-green\\\/#primaryimage\"},\"image\":{\"@id\":\"https:\\\/\\\/yourswing.golf\\\/fr\\\/product\\\/np45-green\\\/#primaryimage\"},\"thumbnailUrl\":\"https:\\\/\\\/yourswing.golf\\\/wp-content\\\/uploads\\\/2024\\\/05\\\/NP45-Green-1.png\",\"datePublished\":\"2024-05-24T22:43:36+00:00\",\"dateModified\":\"2024-07-23T21:05:30+00:00\",\"breadcrumb\":{\"@id\":\"https:\\\/\\\/yourswing.golf\\\/fr\\\/product\\\/np45-green\\\/#breadcrumb\"},\"inLanguage\":\"fr-FR\",\"potentialAction\":[{\"@type\":\"ReadAction\",\"target\":[\"https:\\\/\\\/yourswing.golf\\\/fr\\\/product\\\/np45-green\\\/\"]}]},{\"@type\":\"ImageObject\",\"inLanguage\":\"fr-FR\",\"@id\":\"https:\\\/\\\/yourswing.golf\\\/fr\\\/product\\\/np45-green\\\/#primaryimage\",\"url\":\"https:\\\/\\\/yourswing.golf\\\/wp-content\\\/uploads\\\/2024\\\/05\\\/NP45-Green-1.png\",\"contentUrl\":\"https:\\\/\\\/yourswing.golf\\\/wp-content\\\/uploads\\\/2024\\\/05\\\/NP45-Green-1.png\",\"width\":856,\"height\":359},{\"@type\":\"BreadcrumbList\",\"@id\":\"https:\\\/\\\/yourswing.golf\\\/fr\\\/product\\\/np45-green\\\/#breadcrumb\",\"itemListElement\":[{\"@type\":\"ListItem\",\"position\":1,\"name\":\"Home\",\"item\":\"https:\\\/\\\/yourswing.golf\\\/fr\\\/domicile\\\/\"},{\"@type\":\"ListItem\",\"position\":2,\"name\":\"Acheter\",\"item\":\"https:\\\/\\\/yourswing.golf\\\/fr\\\/acheter\\\/\"},{\"@type\":\"ListItem\",\"position\":3,\"name\":\"NP45 Green\"}]},{\"@type\":\"WebSite\",\"@id\":\"https:\\\/\\\/yourswing.golf\\\/#website\",\"url\":\"https:\\\/\\\/yourswing.golf\\\/\",\"name\":\"Your Swing Golf\",\"description\":\"Authorized dealer of launch monitors &amp; golf simulation equipment across Canada\",\"publisher\":{\"@id\":\"https:\\\/\\\/yourswing.golf\\\/#organization\"},\"potentialAction\":[{\"@type\":\"SearchAction\",\"target\":{\"@type\":\"EntryPoint\",\"urlTemplate\":\"https:\\\/\\\/yourswing.golf\\\/?s={search_term_string}\"},\"query-input\":{\"@type\":\"PropertyValueSpecification\",\"valueRequired\":true,\"valueName\":\"search_term_string\"}}],\"inLanguage\":\"fr-FR\"},{\"@type\":\"Organization\",\"@id\":\"https:\\\/\\\/yourswing.golf\\\/#organization\",\"name\":\"Your Swing Golf\",\"url\":\"https:\\\/\\\/yourswing.golf\\\/\",\"logo\":{\"@type\":\"ImageObject\",\"inLanguage\":\"fr-FR\",\"@id\":\"https:\\\/\\\/yourswing.golf\\\/#\\\/schema\\\/logo\\\/image\\\/\",\"url\":\"https:\\\/\\\/yourswing.golf\\\/wp-content\\\/uploads\\\/2022\\\/03\\\/your-swing-logo.png\",\"contentUrl\":\"https:\\\/\\\/yourswing.golf\\\/wp-content\\\/uploads\\\/2022\\\/03\\\/your-swing-logo.png\",\"width\":201,\"height\":63,\"caption\":\"Your Swing Golf\"},\"image\":{\"@id\":\"https:\\\/\\\/yourswing.golf\\\/#\\\/schema\\\/logo\\\/image\\\/\"},\"sameAs\":[\"https:\\\/\\\/www.facebook.com\\\/YourSwingGolf-101751728392224\"]}]}<\/script>\n<!-- \/ Yoast SEO plugin. -->","yoast_head_json":{"title":"NP45 Green - Your Swing Golf","robots":{"index":"index","follow":"follow","max-snippet":"max-snippet:-1","max-image-preview":"max-image-preview:large","max-video-preview":"max-video-preview:-1"},"canonical":"https:\/\/yourswing.golf\/fr\/product\/np45-green\/","og_locale":"fr_FR","og_type":"article","og_title":"NP45 Green - Your Swing Golf","og_description":"Le NP45 est l\u2019une des meilleures surfaces de putting en nylon textur\u00e9 du march\u00e9. Juste derri\u00e8re ses homologues de qualit\u00e9 sup\u00e9rieure, NP50 et NP55, ce produit offre un roulement naturel et des vitesses r\u00e9alistes pour une v\u00e9ritable exp\u00e9rience de putting. Vient en 15' de large simplement entrer la longueur d\u00e9sir\u00e9e.  (Canada uniquement, les clients am\u00e9ricains doivent demander un prix)","og_url":"https:\/\/yourswing.golf\/fr\/product\/np45-green\/","og_site_name":"Your Swing Golf","article_publisher":"https:\/\/www.facebook.com\/YourSwingGolf-101751728392224","article_modified_time":"2024-07-23T21:05:30+00:00","og_image":[{"width":856,"height":359,"url":"https:\/\/yourswing.golf\/wp-content\/uploads\/2024\/05\/NP45-Green-1.png","type":"image\/png"}],"twitter_card":"summary_large_image","twitter_misc":{"Dur\u00e9e de lecture estim\u00e9e":"1 minute"},"schema":{"@context":"https:\/\/schema.org","@graph":[{"@type":"WebPage","@id":"https:\/\/yourswing.golf\/fr\/product\/np45-green\/","url":"https:\/\/yourswing.golf\/fr\/product\/np45-green\/","name":"NP45 Green - Your Swing Golf","isPartOf":{"@id":"https:\/\/yourswing.golf\/#website"},"primaryImageOfPage":{"@id":"https:\/\/yourswing.golf\/fr\/product\/np45-green\/#primaryimage"},"image":{"@id":"https:\/\/yourswing.golf\/fr\/product\/np45-green\/#primaryimage"},"thumbnailUrl":"https:\/\/yourswing.golf\/wp-content\/uploads\/2024\/05\/NP45-Green-1.png","datePublished":"2024-05-24T22:43:36+00:00","dateModified":"2024-07-23T21:05:30+00:00","breadcrumb":{"@id":"https:\/\/yourswing.golf\/fr\/product\/np45-green\/#breadcrumb"},"inLanguage":"fr-FR","potentialAction":[{"@type":"ReadAction","target":["https:\/\/yourswing.golf\/fr\/product\/np45-green\/"]}]},{"@type":"ImageObject","inLanguage":"fr-FR","@id":"https:\/\/yourswing.golf\/fr\/product\/np45-green\/#primaryimage","url":"https:\/\/yourswing.golf\/wp-content\/uploads\/2024\/05\/NP45-Green-1.png","contentUrl":"https:\/\/yourswing.golf\/wp-content\/uploads\/2024\/05\/NP45-Green-1.png","width":856,"height":359},{"@type":"BreadcrumbList","@id":"https:\/\/yourswing.golf\/fr\/product\/np45-green\/#breadcrumb","itemListElement":[{"@type":"ListItem","position":1,"name":"Home","item":"https:\/\/yourswing.golf\/fr\/domicile\/"},{"@type":"ListItem","position":2,"name":"Acheter","item":"https:\/\/yourswing.golf\/fr\/acheter\/"},{"@type":"ListItem","position":3,"name":"NP45 Green"}]},{"@type":"WebSite","@id":"https:\/\/yourswing.golf\/#website","url":"https:\/\/yourswing.golf\/","name":"Your Swing Golf","description":"Authorized dealer of launch monitors &amp; golf simulation equipment across Canada","publisher":{"@id":"https:\/\/yourswing.golf\/#organization"},"potentialAction":[{"@type":"SearchAction","target":{"@type":"EntryPoint","urlTemplate":"https:\/\/yourswing.golf\/?s={search_term_string}"},"query-input":{"@type":"PropertyValueSpecification","valueRequired":true,"valueName":"search_term_string"}}],"inLanguage":"fr-FR"},{"@type":"Organization","@id":"https:\/\/yourswing.golf\/#organization","name":"Your Swing Golf","url":"https:\/\/yourswing.golf\/","logo":{"@type":"ImageObject","inLanguage":"fr-FR","@id":"https:\/\/yourswing.golf\/#\/schema\/logo\/image\/","url":"https:\/\/yourswing.golf\/wp-content\/uploads\/2022\/03\/your-swing-logo.png","contentUrl":"https:\/\/yourswing.golf\/wp-content\/uploads\/2022\/03\/your-swing-logo.png","width":201,"height":63,"caption":"Your Swing Golf"},"image":{"@id":"https:\/\/yourswing.golf\/#\/schema\/logo\/image\/"},"sameAs":["https:\/\/www.facebook.com\/YourSwingGolf-101751728392224"]}]}},"_links":{"self":[{"href":"https:\/\/yourswing.golf\/fr\/wp-json\/wp\/v2\/product\/1653","targetHints":{"allow":["GET"]}}],"collection":[{"href":"https:\/\/yourswing.golf\/fr\/wp-json\/wp\/v2\/product"}],"about":[{"href":"https:\/\/yourswing.golf\/fr\/wp-json\/wp\/v2\/types\/product"}],"version-history":[{"count":4,"href":"https:\/\/yourswing.golf\/fr\/wp-json\/wp\/v2\/product\/1653\/revisions"}],"predecessor-version":[{"id":1858,"href":"https:\/\/yourswing.golf\/fr\/wp-json\/wp\/v2\/product\/1653\/revisions\/1858"}],"wp:featuredmedia":[{"embeddable":true,"href":"https:\/\/yourswing.golf\/fr\/wp-json\/wp\/v2\/media\/1538"}],"wp:attachment":[{"href":"https:\/\/yourswing.golf\/fr\/wp-json\/wp\/v2\/media?parent=1653"}],"wp:term":[{"taxonomy":"product_brand","embeddable":true,"href":"https:\/\/yourswing.golf\/fr\/wp-json\/wp\/v2\/product_brand?post=1653"},{"taxonomy":"product_cat","embeddable":true,"href":"https:\/\/yourswing.golf\/fr\/wp-json\/wp\/v2\/product_cat?post=1653"},{"taxonomy":"product_tag","embeddable":true,"href":"https:\/\/yourswing.golf\/fr\/wp-json\/wp\/v2\/product_tag?post=1653"}],"curies":[{"name":"wp","href":"https:\/\/api.w.org\/{rel}","templated":true}]}}