{"id":1667,"date":"2024-06-06T12:34:13","date_gmt":"2024-06-06T19:34:13","guid":{"rendered":"https:\/\/yourswing.golf\/product\/gap-pads\/"},"modified":"2024-07-30T08:46:52","modified_gmt":"2024-07-30T15:46:52","slug":"gap-pads","status":"publish","type":"product","link":"https:\/\/yourswing.golf\/fr\/product\/gap-pads\/","title":{"rendered":"Gap pads"},"content":{"rendered":"","protected":false},"excerpt":{"rendered":"<strong>Obtenez le look parfait avec nos Gap Pads durables\u00a0:<\/strong>\r\n\r\nLes pads sont vendus en diff\u00e9rentes longueurs et diff\u00e9rentes largeurs pour apporter la touche finale \u00e0 votre \u00e9cran.\r\n\r\nCes pads sont con\u00e7us pour s&rsquo;installer du sol au plafond et le long du haut de votre \u00e9cran, ils ont 8 pouces de largeur et peuvent \u00eatre coup\u00e9s \u00e0 la longueur souhait\u00e9e pour s&rsquo;adapter \u00e0 votre espace.\u00a0Largeur sur mesure disponible, contactez-nous pour les prix. Se fixe au velcro \u00ab\u00a0crochet\u00a0\u00bb pour faciliter l&rsquo;utilisation et fournir un syst\u00e8me d&rsquo;\u00e9cran s\u00e9curis\u00e9.","protected":false},"featured_media":1661,"template":"","meta":{"_acf_changed":false,"footnotes":""},"product_brand":[],"product_cat":[32],"product_tag":[],"class_list":{"0":"post-1667","1":"product","2":"type-product","3":"status-publish","4":"has-post-thumbnail","6":"product_cat-golf-simulator-accessories-fr","8":"first","9":"instock","10":"taxable","11":"shipping-taxable","12":"purchasable","13":"product-type-simple"},"acf":[],"yoast_head":"<!-- This site is optimized with the Yoast SEO plugin v27.3 - https:\/\/yoast.com\/product\/yoast-seo-wordpress\/ -->\n<title>Gap pads - Your Swing Golf<\/title>\n<meta name=\"robots\" content=\"index, follow, max-snippet:-1, max-image-preview:large, max-video-preview:-1\" \/>\n<link rel=\"canonical\" href=\"https:\/\/yourswing.golf\/fr\/product\/gap-pads\/\" \/>\n<meta property=\"og:locale\" content=\"fr_FR\" \/>\n<meta property=\"og:type\" content=\"article\" \/>\n<meta property=\"og:title\" content=\"Gap pads - Your Swing Golf\" \/>\n<meta property=\"og:description\" content=\"Obtenez le look parfait avec nos Gap Pads durables\u00a0:  Les pads sont vendus en diff\u00e9rentes longueurs et diff\u00e9rentes largeurs pour apporter la touche finale \u00e0 votre \u00e9cran.  Ces pads sont con\u00e7us pour s&#039;installer du sol au plafond et le long du haut de votre \u00e9cran, ils ont 8 pouces de largeur et peuvent \u00eatre coup\u00e9s \u00e0 la longueur souhait\u00e9e pour s&#039;adapter \u00e0 votre espace.\u00a0Largeur sur mesure disponible, contactez-nous pour les prix. Se fixe au velcro \u00ab\u00a0crochet\u00a0\u00bb pour faciliter l&#039;utilisation et fournir un syst\u00e8me d&#039;\u00e9cran s\u00e9curis\u00e9.\" \/>\n<meta property=\"og:url\" content=\"https:\/\/yourswing.golf\/fr\/product\/gap-pads\/\" \/>\n<meta property=\"og:site_name\" content=\"Your Swing Golf\" \/>\n<meta property=\"article:publisher\" content=\"https:\/\/www.facebook.com\/YourSwingGolf-101751728392224\" \/>\n<meta property=\"article:modified_time\" content=\"2024-07-30T15:46:52+00:00\" \/>\n<meta property=\"og:image\" content=\"https:\/\/yourswing.golf\/wp-content\/uploads\/2024\/06\/image003.png\" \/>\n\t<meta property=\"og:image:width\" content=\"1000\" \/>\n\t<meta property=\"og:image:height\" content=\"750\" \/>\n\t<meta property=\"og:image:type\" content=\"image\/png\" \/>\n<meta name=\"twitter:card\" content=\"summary_large_image\" \/>\n<meta name=\"twitter:label1\" content=\"Dur\u00e9e de lecture estim\u00e9e\" \/>\n\t<meta name=\"twitter:data1\" content=\"1 minute\" \/>\n<script type=\"application\/ld+json\" class=\"yoast-schema-graph\">{\"@context\":\"https:\\\/\\\/schema.org\",\"@graph\":[{\"@type\":\"WebPage\",\"@id\":\"https:\\\/\\\/yourswing.golf\\\/fr\\\/product\\\/gap-pads\\\/\",\"url\":\"https:\\\/\\\/yourswing.golf\\\/fr\\\/product\\\/gap-pads\\\/\",\"name\":\"Gap pads - Your Swing Golf\",\"isPartOf\":{\"@id\":\"https:\\\/\\\/yourswing.golf\\\/#website\"},\"primaryImageOfPage\":{\"@id\":\"https:\\\/\\\/yourswing.golf\\\/fr\\\/product\\\/gap-pads\\\/#primaryimage\"},\"image\":{\"@id\":\"https:\\\/\\\/yourswing.golf\\\/fr\\\/product\\\/gap-pads\\\/#primaryimage\"},\"thumbnailUrl\":\"https:\\\/\\\/yourswing.golf\\\/wp-content\\\/uploads\\\/2024\\\/06\\\/image003.png\",\"datePublished\":\"2024-06-06T19:34:13+00:00\",\"dateModified\":\"2024-07-30T15:46:52+00:00\",\"breadcrumb\":{\"@id\":\"https:\\\/\\\/yourswing.golf\\\/fr\\\/product\\\/gap-pads\\\/#breadcrumb\"},\"inLanguage\":\"fr-FR\",\"potentialAction\":[{\"@type\":\"ReadAction\",\"target\":[\"https:\\\/\\\/yourswing.golf\\\/fr\\\/product\\\/gap-pads\\\/\"]}]},{\"@type\":\"ImageObject\",\"inLanguage\":\"fr-FR\",\"@id\":\"https:\\\/\\\/yourswing.golf\\\/fr\\\/product\\\/gap-pads\\\/#primaryimage\",\"url\":\"https:\\\/\\\/yourswing.golf\\\/wp-content\\\/uploads\\\/2024\\\/06\\\/image003.png\",\"contentUrl\":\"https:\\\/\\\/yourswing.golf\\\/wp-content\\\/uploads\\\/2024\\\/06\\\/image003.png\",\"width\":1000,\"height\":750},{\"@type\":\"BreadcrumbList\",\"@id\":\"https:\\\/\\\/yourswing.golf\\\/fr\\\/product\\\/gap-pads\\\/#breadcrumb\",\"itemListElement\":[{\"@type\":\"ListItem\",\"position\":1,\"name\":\"Home\",\"item\":\"https:\\\/\\\/yourswing.golf\\\/fr\\\/domicile\\\/\"},{\"@type\":\"ListItem\",\"position\":2,\"name\":\"Acheter\",\"item\":\"https:\\\/\\\/yourswing.golf\\\/fr\\\/acheter\\\/\"},{\"@type\":\"ListItem\",\"position\":3,\"name\":\"Gap pads\"}]},{\"@type\":\"WebSite\",\"@id\":\"https:\\\/\\\/yourswing.golf\\\/#website\",\"url\":\"https:\\\/\\\/yourswing.golf\\\/\",\"name\":\"Your Swing Golf\",\"description\":\"Authorized dealer of launch monitors &amp; golf simulation equipment across Canada\",\"publisher\":{\"@id\":\"https:\\\/\\\/yourswing.golf\\\/#organization\"},\"potentialAction\":[{\"@type\":\"SearchAction\",\"target\":{\"@type\":\"EntryPoint\",\"urlTemplate\":\"https:\\\/\\\/yourswing.golf\\\/?s={search_term_string}\"},\"query-input\":{\"@type\":\"PropertyValueSpecification\",\"valueRequired\":true,\"valueName\":\"search_term_string\"}}],\"inLanguage\":\"fr-FR\"},{\"@type\":\"Organization\",\"@id\":\"https:\\\/\\\/yourswing.golf\\\/#organization\",\"name\":\"Your Swing Golf\",\"url\":\"https:\\\/\\\/yourswing.golf\\\/\",\"logo\":{\"@type\":\"ImageObject\",\"inLanguage\":\"fr-FR\",\"@id\":\"https:\\\/\\\/yourswing.golf\\\/#\\\/schema\\\/logo\\\/image\\\/\",\"url\":\"https:\\\/\\\/yourswing.golf\\\/wp-content\\\/uploads\\\/2022\\\/03\\\/your-swing-logo.png\",\"contentUrl\":\"https:\\\/\\\/yourswing.golf\\\/wp-content\\\/uploads\\\/2022\\\/03\\\/your-swing-logo.png\",\"width\":201,\"height\":63,\"caption\":\"Your Swing Golf\"},\"image\":{\"@id\":\"https:\\\/\\\/yourswing.golf\\\/#\\\/schema\\\/logo\\\/image\\\/\"},\"sameAs\":[\"https:\\\/\\\/www.facebook.com\\\/YourSwingGolf-101751728392224\"]}]}<\/script>\n<!-- \/ Yoast SEO plugin. -->","yoast_head_json":{"title":"Gap pads - Your Swing Golf","robots":{"index":"index","follow":"follow","max-snippet":"max-snippet:-1","max-image-preview":"max-image-preview:large","max-video-preview":"max-video-preview:-1"},"canonical":"https:\/\/yourswing.golf\/fr\/product\/gap-pads\/","og_locale":"fr_FR","og_type":"article","og_title":"Gap pads - Your Swing Golf","og_description":"Obtenez le look parfait avec nos Gap Pads durables\u00a0:  Les pads sont vendus en diff\u00e9rentes longueurs et diff\u00e9rentes largeurs pour apporter la touche finale \u00e0 votre \u00e9cran.  Ces pads sont con\u00e7us pour s'installer du sol au plafond et le long du haut de votre \u00e9cran, ils ont 8 pouces de largeur et peuvent \u00eatre coup\u00e9s \u00e0 la longueur souhait\u00e9e pour s'adapter \u00e0 votre espace.\u00a0Largeur sur mesure disponible, contactez-nous pour les prix. Se fixe au velcro \u00ab\u00a0crochet\u00a0\u00bb pour faciliter l'utilisation et fournir un syst\u00e8me d'\u00e9cran s\u00e9curis\u00e9.","og_url":"https:\/\/yourswing.golf\/fr\/product\/gap-pads\/","og_site_name":"Your Swing Golf","article_publisher":"https:\/\/www.facebook.com\/YourSwingGolf-101751728392224","article_modified_time":"2024-07-30T15:46:52+00:00","og_image":[{"width":1000,"height":750,"url":"https:\/\/yourswing.golf\/wp-content\/uploads\/2024\/06\/image003.png","type":"image\/png"}],"twitter_card":"summary_large_image","twitter_misc":{"Dur\u00e9e de lecture estim\u00e9e":"1 minute"},"schema":{"@context":"https:\/\/schema.org","@graph":[{"@type":"WebPage","@id":"https:\/\/yourswing.golf\/fr\/product\/gap-pads\/","url":"https:\/\/yourswing.golf\/fr\/product\/gap-pads\/","name":"Gap pads - Your Swing Golf","isPartOf":{"@id":"https:\/\/yourswing.golf\/#website"},"primaryImageOfPage":{"@id":"https:\/\/yourswing.golf\/fr\/product\/gap-pads\/#primaryimage"},"image":{"@id":"https:\/\/yourswing.golf\/fr\/product\/gap-pads\/#primaryimage"},"thumbnailUrl":"https:\/\/yourswing.golf\/wp-content\/uploads\/2024\/06\/image003.png","datePublished":"2024-06-06T19:34:13+00:00","dateModified":"2024-07-30T15:46:52+00:00","breadcrumb":{"@id":"https:\/\/yourswing.golf\/fr\/product\/gap-pads\/#breadcrumb"},"inLanguage":"fr-FR","potentialAction":[{"@type":"ReadAction","target":["https:\/\/yourswing.golf\/fr\/product\/gap-pads\/"]}]},{"@type":"ImageObject","inLanguage":"fr-FR","@id":"https:\/\/yourswing.golf\/fr\/product\/gap-pads\/#primaryimage","url":"https:\/\/yourswing.golf\/wp-content\/uploads\/2024\/06\/image003.png","contentUrl":"https:\/\/yourswing.golf\/wp-content\/uploads\/2024\/06\/image003.png","width":1000,"height":750},{"@type":"BreadcrumbList","@id":"https:\/\/yourswing.golf\/fr\/product\/gap-pads\/#breadcrumb","itemListElement":[{"@type":"ListItem","position":1,"name":"Home","item":"https:\/\/yourswing.golf\/fr\/domicile\/"},{"@type":"ListItem","position":2,"name":"Acheter","item":"https:\/\/yourswing.golf\/fr\/acheter\/"},{"@type":"ListItem","position":3,"name":"Gap pads"}]},{"@type":"WebSite","@id":"https:\/\/yourswing.golf\/#website","url":"https:\/\/yourswing.golf\/","name":"Your Swing Golf","description":"Authorized dealer of launch monitors &amp; golf simulation equipment across Canada","publisher":{"@id":"https:\/\/yourswing.golf\/#organization"},"potentialAction":[{"@type":"SearchAction","target":{"@type":"EntryPoint","urlTemplate":"https:\/\/yourswing.golf\/?s={search_term_string}"},"query-input":{"@type":"PropertyValueSpecification","valueRequired":true,"valueName":"search_term_string"}}],"inLanguage":"fr-FR"},{"@type":"Organization","@id":"https:\/\/yourswing.golf\/#organization","name":"Your Swing Golf","url":"https:\/\/yourswing.golf\/","logo":{"@type":"ImageObject","inLanguage":"fr-FR","@id":"https:\/\/yourswing.golf\/#\/schema\/logo\/image\/","url":"https:\/\/yourswing.golf\/wp-content\/uploads\/2022\/03\/your-swing-logo.png","contentUrl":"https:\/\/yourswing.golf\/wp-content\/uploads\/2022\/03\/your-swing-logo.png","width":201,"height":63,"caption":"Your Swing Golf"},"image":{"@id":"https:\/\/yourswing.golf\/#\/schema\/logo\/image\/"},"sameAs":["https:\/\/www.facebook.com\/YourSwingGolf-101751728392224"]}]}},"_links":{"self":[{"href":"https:\/\/yourswing.golf\/fr\/wp-json\/wp\/v2\/product\/1667","targetHints":{"allow":["GET"]}}],"collection":[{"href":"https:\/\/yourswing.golf\/fr\/wp-json\/wp\/v2\/product"}],"about":[{"href":"https:\/\/yourswing.golf\/fr\/wp-json\/wp\/v2\/types\/product"}],"version-history":[{"count":2,"href":"https:\/\/yourswing.golf\/fr\/wp-json\/wp\/v2\/product\/1667\/revisions"}],"predecessor-version":[{"id":1872,"href":"https:\/\/yourswing.golf\/fr\/wp-json\/wp\/v2\/product\/1667\/revisions\/1872"}],"wp:featuredmedia":[{"embeddable":true,"href":"https:\/\/yourswing.golf\/fr\/wp-json\/wp\/v2\/media\/1661"}],"wp:attachment":[{"href":"https:\/\/yourswing.golf\/fr\/wp-json\/wp\/v2\/media?parent=1667"}],"wp:term":[{"taxonomy":"product_brand","embeddable":true,"href":"https:\/\/yourswing.golf\/fr\/wp-json\/wp\/v2\/product_brand?post=1667"},{"taxonomy":"product_cat","embeddable":true,"href":"https:\/\/yourswing.golf\/fr\/wp-json\/wp\/v2\/product_cat?post=1667"},{"taxonomy":"product_tag","embeddable":true,"href":"https:\/\/yourswing.golf\/fr\/wp-json\/wp\/v2\/product_tag?post=1667"}],"curies":[{"name":"wp","href":"https:\/\/api.w.org\/{rel}","templated":true}]}}