{"id":2711,"date":"2025-09-30T21:05:48","date_gmt":"2025-10-01T04:05:48","guid":{"rendered":"https:\/\/yourswing.golf\/product\/protecteur-de-vtrack\/"},"modified":"2026-03-06T08:57:03","modified_gmt":"2026-03-06T16:57:03","slug":"protecteur-de-vtrack","status":"publish","type":"product","link":"https:\/\/yourswing.golf\/fr\/product\/protecteur-de-vtrack\/","title":{"rendered":"Protecteur de VTrack"},"content":{"rendered":"<p>Le protecteur est con\u00e7u pour une installation facile, aucun outil requis, il se glisse simplement en place<\/p>\n","protected":false},"excerpt":{"rendered":"Le protecteur de VTrack est l\u00e0 pour un r\u00f4le pr\u00e9ventif en cas d&rsquo;un mauvais coup qui ne devait pas arriver! Il prendra la majeure partie de l&rsquo;impact pour pr\u00e9venir un dommage \u00e0 la coquille du VTrack. Vous n&rsquo;en aurez peut-\u00eatre jamais besoin, mais comme de l&rsquo;assurance, c&rsquo;est bon de l&rsquo;avoir quand arrive le d\u00e9sastre&#8230;","protected":false},"featured_media":2717,"template":"","meta":{"_acf_changed":false,"footnotes":""},"product_brand":[],"product_cat":[32],"product_tag":[],"class_list":{"0":"post-2711","1":"product","2":"type-product","3":"status-publish","4":"has-post-thumbnail","6":"product_cat-golf-simulator-accessories-fr","8":"first","9":"instock","10":"taxable","11":"shipping-taxable","12":"purchasable","13":"product-type-simple"},"acf":[],"yoast_head":"<!-- This site is optimized with the Yoast SEO plugin v27.4 - https:\/\/yoast.com\/product\/yoast-seo-wordpress\/ -->\n<title>Protecteur de VTrack - Your Swing Golf<\/title>\n<meta name=\"robots\" content=\"index, follow, max-snippet:-1, max-image-preview:large, max-video-preview:-1\" \/>\n<link rel=\"canonical\" href=\"https:\/\/yourswing.golf\/fr\/product\/protecteur-de-vtrack\/\" \/>\n<meta property=\"og:locale\" content=\"fr_FR\" \/>\n<meta property=\"og:type\" content=\"article\" \/>\n<meta property=\"og:title\" content=\"Protecteur de VTrack - Your Swing Golf\" \/>\n<meta property=\"og:description\" content=\"Le protecteur de VTrack est l\u00e0 pour un r\u00f4le pr\u00e9ventif en cas d&#039;un mauvais coup qui ne devait pas arriver! Il prendra la majeure partie de l&#039;impact pour pr\u00e9venir un dommage \u00e0 la coquille du VTrack. Vous n&#039;en aurez peut-\u00eatre jamais besoin, mais comme de l&#039;assurance, c&#039;est bon de l&#039;avoir quand arrive le d\u00e9sastre...\" \/>\n<meta property=\"og:url\" content=\"https:\/\/yourswing.golf\/fr\/product\/protecteur-de-vtrack\/\" \/>\n<meta property=\"og:site_name\" content=\"Your Swing Golf\" \/>\n<meta property=\"article:publisher\" content=\"https:\/\/www.facebook.com\/YourSwingGolf-101751728392224\" \/>\n<meta property=\"article:modified_time\" content=\"2026-03-06T16:57:03+00:00\" \/>\n<meta property=\"og:image\" content=\"https:\/\/yourswing.golf\/wp-content\/uploads\/2025\/09\/Protector-image.avif\" \/>\n\t<meta property=\"og:image:width\" content=\"1666\" \/>\n\t<meta property=\"og:image:height\" content=\"282\" \/>\n\t<meta property=\"og:image:type\" content=\"image\/png\" \/>\n<meta name=\"twitter:card\" content=\"summary_large_image\" \/>\n<script type=\"application\/ld+json\" class=\"yoast-schema-graph\">{\"@context\":\"https:\\\/\\\/schema.org\",\"@graph\":[{\"@type\":\"WebPage\",\"@id\":\"https:\\\/\\\/yourswing.golf\\\/fr\\\/product\\\/protecteur-de-vtrack\\\/\",\"url\":\"https:\\\/\\\/yourswing.golf\\\/fr\\\/product\\\/protecteur-de-vtrack\\\/\",\"name\":\"Protecteur de VTrack - Your Swing Golf\",\"isPartOf\":{\"@id\":\"https:\\\/\\\/yourswing.golf\\\/#website\"},\"primaryImageOfPage\":{\"@id\":\"https:\\\/\\\/yourswing.golf\\\/fr\\\/product\\\/protecteur-de-vtrack\\\/#primaryimage\"},\"image\":{\"@id\":\"https:\\\/\\\/yourswing.golf\\\/fr\\\/product\\\/protecteur-de-vtrack\\\/#primaryimage\"},\"thumbnailUrl\":\"https:\\\/\\\/yourswing.golf\\\/wp-content\\\/uploads\\\/2025\\\/09\\\/Protector-image.avif\",\"datePublished\":\"2025-10-01T04:05:48+00:00\",\"dateModified\":\"2026-03-06T16:57:03+00:00\",\"breadcrumb\":{\"@id\":\"https:\\\/\\\/yourswing.golf\\\/fr\\\/product\\\/protecteur-de-vtrack\\\/#breadcrumb\"},\"inLanguage\":\"fr-FR\",\"potentialAction\":[{\"@type\":\"ReadAction\",\"target\":[\"https:\\\/\\\/yourswing.golf\\\/fr\\\/product\\\/protecteur-de-vtrack\\\/\"]}]},{\"@type\":\"ImageObject\",\"inLanguage\":\"fr-FR\",\"@id\":\"https:\\\/\\\/yourswing.golf\\\/fr\\\/product\\\/protecteur-de-vtrack\\\/#primaryimage\",\"url\":\"https:\\\/\\\/yourswing.golf\\\/wp-content\\\/uploads\\\/2025\\\/09\\\/Protector-image.avif\",\"contentUrl\":\"https:\\\/\\\/yourswing.golf\\\/wp-content\\\/uploads\\\/2025\\\/09\\\/Protector-image.avif\",\"width\":1666,\"height\":282},{\"@type\":\"BreadcrumbList\",\"@id\":\"https:\\\/\\\/yourswing.golf\\\/fr\\\/product\\\/protecteur-de-vtrack\\\/#breadcrumb\",\"itemListElement\":[{\"@type\":\"ListItem\",\"position\":1,\"name\":\"Home\",\"item\":\"https:\\\/\\\/yourswing.golf\\\/fr\\\/domicile\\\/\"},{\"@type\":\"ListItem\",\"position\":2,\"name\":\"Acheter\",\"item\":\"https:\\\/\\\/yourswing.golf\\\/fr\\\/acheter\\\/\"},{\"@type\":\"ListItem\",\"position\":3,\"name\":\"Protecteur de VTrack\"}]},{\"@type\":\"WebSite\",\"@id\":\"https:\\\/\\\/yourswing.golf\\\/#website\",\"url\":\"https:\\\/\\\/yourswing.golf\\\/\",\"name\":\"Your Swing Golf\",\"description\":\"Authorized dealer of launch monitors &amp; golf simulation equipment across Canada\",\"publisher\":{\"@id\":\"https:\\\/\\\/yourswing.golf\\\/#organization\"},\"potentialAction\":[{\"@type\":\"SearchAction\",\"target\":{\"@type\":\"EntryPoint\",\"urlTemplate\":\"https:\\\/\\\/yourswing.golf\\\/?s={search_term_string}\"},\"query-input\":{\"@type\":\"PropertyValueSpecification\",\"valueRequired\":true,\"valueName\":\"search_term_string\"}}],\"inLanguage\":\"fr-FR\"},{\"@type\":\"Organization\",\"@id\":\"https:\\\/\\\/yourswing.golf\\\/#organization\",\"name\":\"Your Swing Golf\",\"url\":\"https:\\\/\\\/yourswing.golf\\\/\",\"logo\":{\"@type\":\"ImageObject\",\"inLanguage\":\"fr-FR\",\"@id\":\"https:\\\/\\\/yourswing.golf\\\/#\\\/schema\\\/logo\\\/image\\\/\",\"url\":\"https:\\\/\\\/yourswing.golf\\\/wp-content\\\/uploads\\\/2022\\\/03\\\/your-swing-logo.png\",\"contentUrl\":\"https:\\\/\\\/yourswing.golf\\\/wp-content\\\/uploads\\\/2022\\\/03\\\/your-swing-logo.png\",\"width\":201,\"height\":63,\"caption\":\"Your Swing Golf\"},\"image\":{\"@id\":\"https:\\\/\\\/yourswing.golf\\\/#\\\/schema\\\/logo\\\/image\\\/\"},\"sameAs\":[\"https:\\\/\\\/www.facebook.com\\\/YourSwingGolf-101751728392224\"]}]}<\/script>\n<!-- \/ Yoast SEO plugin. -->","yoast_head_json":{"title":"Protecteur de VTrack - Your Swing Golf","robots":{"index":"index","follow":"follow","max-snippet":"max-snippet:-1","max-image-preview":"max-image-preview:large","max-video-preview":"max-video-preview:-1"},"canonical":"https:\/\/yourswing.golf\/fr\/product\/protecteur-de-vtrack\/","og_locale":"fr_FR","og_type":"article","og_title":"Protecteur de VTrack - Your Swing Golf","og_description":"Le protecteur de VTrack est l\u00e0 pour un r\u00f4le pr\u00e9ventif en cas d'un mauvais coup qui ne devait pas arriver! Il prendra la majeure partie de l'impact pour pr\u00e9venir un dommage \u00e0 la coquille du VTrack. Vous n'en aurez peut-\u00eatre jamais besoin, mais comme de l'assurance, c'est bon de l'avoir quand arrive le d\u00e9sastre...","og_url":"https:\/\/yourswing.golf\/fr\/product\/protecteur-de-vtrack\/","og_site_name":"Your Swing Golf","article_publisher":"https:\/\/www.facebook.com\/YourSwingGolf-101751728392224","article_modified_time":"2026-03-06T16:57:03+00:00","og_image":[{"width":1666,"height":282,"url":"https:\/\/yourswing.golf\/wp-content\/uploads\/2025\/09\/Protector-image.avif","type":"image\/png"}],"twitter_card":"summary_large_image","schema":{"@context":"https:\/\/schema.org","@graph":[{"@type":"WebPage","@id":"https:\/\/yourswing.golf\/fr\/product\/protecteur-de-vtrack\/","url":"https:\/\/yourswing.golf\/fr\/product\/protecteur-de-vtrack\/","name":"Protecteur de VTrack - Your Swing Golf","isPartOf":{"@id":"https:\/\/yourswing.golf\/#website"},"primaryImageOfPage":{"@id":"https:\/\/yourswing.golf\/fr\/product\/protecteur-de-vtrack\/#primaryimage"},"image":{"@id":"https:\/\/yourswing.golf\/fr\/product\/protecteur-de-vtrack\/#primaryimage"},"thumbnailUrl":"https:\/\/yourswing.golf\/wp-content\/uploads\/2025\/09\/Protector-image.avif","datePublished":"2025-10-01T04:05:48+00:00","dateModified":"2026-03-06T16:57:03+00:00","breadcrumb":{"@id":"https:\/\/yourswing.golf\/fr\/product\/protecteur-de-vtrack\/#breadcrumb"},"inLanguage":"fr-FR","potentialAction":[{"@type":"ReadAction","target":["https:\/\/yourswing.golf\/fr\/product\/protecteur-de-vtrack\/"]}]},{"@type":"ImageObject","inLanguage":"fr-FR","@id":"https:\/\/yourswing.golf\/fr\/product\/protecteur-de-vtrack\/#primaryimage","url":"https:\/\/yourswing.golf\/wp-content\/uploads\/2025\/09\/Protector-image.avif","contentUrl":"https:\/\/yourswing.golf\/wp-content\/uploads\/2025\/09\/Protector-image.avif","width":1666,"height":282},{"@type":"BreadcrumbList","@id":"https:\/\/yourswing.golf\/fr\/product\/protecteur-de-vtrack\/#breadcrumb","itemListElement":[{"@type":"ListItem","position":1,"name":"Home","item":"https:\/\/yourswing.golf\/fr\/domicile\/"},{"@type":"ListItem","position":2,"name":"Acheter","item":"https:\/\/yourswing.golf\/fr\/acheter\/"},{"@type":"ListItem","position":3,"name":"Protecteur de VTrack"}]},{"@type":"WebSite","@id":"https:\/\/yourswing.golf\/#website","url":"https:\/\/yourswing.golf\/","name":"Your Swing Golf","description":"Authorized dealer of launch monitors &amp; golf simulation equipment across Canada","publisher":{"@id":"https:\/\/yourswing.golf\/#organization"},"potentialAction":[{"@type":"SearchAction","target":{"@type":"EntryPoint","urlTemplate":"https:\/\/yourswing.golf\/?s={search_term_string}"},"query-input":{"@type":"PropertyValueSpecification","valueRequired":true,"valueName":"search_term_string"}}],"inLanguage":"fr-FR"},{"@type":"Organization","@id":"https:\/\/yourswing.golf\/#organization","name":"Your Swing Golf","url":"https:\/\/yourswing.golf\/","logo":{"@type":"ImageObject","inLanguage":"fr-FR","@id":"https:\/\/yourswing.golf\/#\/schema\/logo\/image\/","url":"https:\/\/yourswing.golf\/wp-content\/uploads\/2022\/03\/your-swing-logo.png","contentUrl":"https:\/\/yourswing.golf\/wp-content\/uploads\/2022\/03\/your-swing-logo.png","width":201,"height":63,"caption":"Your Swing Golf"},"image":{"@id":"https:\/\/yourswing.golf\/#\/schema\/logo\/image\/"},"sameAs":["https:\/\/www.facebook.com\/YourSwingGolf-101751728392224"]}]}},"_links":{"self":[{"href":"https:\/\/yourswing.golf\/fr\/wp-json\/wp\/v2\/product\/2711","targetHints":{"allow":["GET"]}}],"collection":[{"href":"https:\/\/yourswing.golf\/fr\/wp-json\/wp\/v2\/product"}],"about":[{"href":"https:\/\/yourswing.golf\/fr\/wp-json\/wp\/v2\/types\/product"}],"version-history":[{"count":2,"href":"https:\/\/yourswing.golf\/fr\/wp-json\/wp\/v2\/product\/2711\/revisions"}],"predecessor-version":[{"id":3342,"href":"https:\/\/yourswing.golf\/fr\/wp-json\/wp\/v2\/product\/2711\/revisions\/3342"}],"wp:featuredmedia":[{"embeddable":true,"href":"https:\/\/yourswing.golf\/fr\/wp-json\/wp\/v2\/media\/2717"}],"wp:attachment":[{"href":"https:\/\/yourswing.golf\/fr\/wp-json\/wp\/v2\/media?parent=2711"}],"wp:term":[{"taxonomy":"product_brand","embeddable":true,"href":"https:\/\/yourswing.golf\/fr\/wp-json\/wp\/v2\/product_brand?post=2711"},{"taxonomy":"product_cat","embeddable":true,"href":"https:\/\/yourswing.golf\/fr\/wp-json\/wp\/v2\/product_cat?post=2711"},{"taxonomy":"product_tag","embeddable":true,"href":"https:\/\/yourswing.golf\/fr\/wp-json\/wp\/v2\/product_tag?post=2711"}],"curies":[{"name":"wp","href":"https:\/\/api.w.org\/{rel}","templated":true}]}}